{"id":3673,"date":"2023-02-14T07:26:31","date_gmt":"2023-02-14T07:26:31","guid":{"rendered":"https:\/\/koraledetale.pl\/?post_type=product&#038;p=3673"},"modified":"2025-06-18T14:30:14","modified_gmt":"2025-06-18T14:30:14","slug":"kolczyki-nomad-z-okiem","status":"publish","type":"product","link":"https:\/\/koraledetale.pl\/?product=kolczyki-nomad-z-okiem","title":{"rendered":"Kolczyki NOMAD z okiem"},"content":{"rendered":"<p>D\u0142ugo\u015b\u0107 kolczyk\u00f3w &#8211; 5,4 cm.<\/p>\n","protected":false},"excerpt":{"rendered":"<p>D\u0142ugie kolczyki z symbolem oka zawieszonym na otwartych biglach.<\/p>\n<p>Wszystkie elementy wykonane s\u0105 z nieuczulaj\u0105cej stali chirurgicznej (szlachetnej) w kolorze z\u0142otym.<\/p>\n","protected":false},"featured_media":3621,"comment_status":"open","ping_status":"closed","template":"","meta":{"advanced_seo_description":"","jetpack_seo_html_title":"","jetpack_seo_noindex":false},"product_brand":[],"product_cat":[1270,18],"product_tag":[1289,834,866,452,1290],"class_list":{"0":"post-3673","1":"product","2":"type-product","3":"status-publish","4":"has-post-thumbnail","6":"product_cat-nomad","7":"product_cat-kolczyki","8":"product_tag-dlugie-kolczyki-z-okiem","9":"product_tag-dlugie-kolczyki-ze-stali-chirurgicznej","10":"product_tag-dlugie-kolczyki-ze-stali-szlachetnej","11":"product_tag-oko","12":"product_tag-symbol","14":"first","15":"instock","16":"shipping-taxable","17":"purchasable","18":"product-type-simple"},"jetpack_sharing_enabled":true,"_links":{"self":[{"href":"https:\/\/koraledetale.pl\/index.php?rest_route=\/wp\/v2\/product\/3673","targetHints":{"allow":["GET"]}}],"collection":[{"href":"https:\/\/koraledetale.pl\/index.php?rest_route=\/wp\/v2\/product"}],"about":[{"href":"https:\/\/koraledetale.pl\/index.php?rest_route=\/wp\/v2\/types\/product"}],"replies":[{"embeddable":true,"href":"https:\/\/koraledetale.pl\/index.php?rest_route=%2Fwp%2Fv2%2Fcomments&post=3673"}],"wp:featuredmedia":[{"embeddable":true,"href":"https:\/\/koraledetale.pl\/index.php?rest_route=\/wp\/v2\/media\/3621"}],"wp:attachment":[{"href":"https:\/\/koraledetale.pl\/index.php?rest_route=%2Fwp%2Fv2%2Fmedia&parent=3673"}],"wp:term":[{"taxonomy":"product_brand","embeddable":true,"href":"https:\/\/koraledetale.pl\/index.php?rest_route=%2Fwp%2Fv2%2Fproduct_brand&post=3673"},{"taxonomy":"product_cat","embeddable":true,"href":"https:\/\/koraledetale.pl\/index.php?rest_route=%2Fwp%2Fv2%2Fproduct_cat&post=3673"},{"taxonomy":"product_tag","embeddable":true,"href":"https:\/\/koraledetale.pl\/index.php?rest_route=%2Fwp%2Fv2%2Fproduct_tag&post=3673"}],"curies":[{"name":"wp","href":"https:\/\/api.w.org\/{rel}","templated":true}]}}