{"id":3671,"date":"2023-02-14T07:26:25","date_gmt":"2023-02-14T07:26:25","guid":{"rendered":"https:\/\/koraledetale.pl\/?post_type=product&#038;p=3671"},"modified":"2025-02-15T10:50:01","modified_gmt":"2025-02-15T10:50:01","slug":"kolczyki-nomad-ze-sloncem-i-ksiezycem","status":"publish","type":"product","link":"https:\/\/koraledetale.pl\/?product=kolczyki-nomad-ze-sloncem-i-ksiezycem","title":{"rendered":"Kolczyki NOMAD ze s\u0142o\u0144cem i ksi\u0119\u017cycem"},"content":{"rendered":"<p>D\u0142ugo\u015b\u0107 kolczyk\u00f3w \u2013 4,6 cm.<\/p>\n","protected":false},"excerpt":{"rendered":"<p>D\u0142ugie kolczyki z okr\u0105g\u0142ym elementem z symbolem s\u0142o\u0144ca oraz z hams\u0105, zawieszonymi na okr\u0105g\u0142ych biglach angielskich.<\/p>\n<p>Wszystkie elementy wykonane s\u0105 z nieuczulaj\u0105cej stali chirurgicznej (szlachetnej) w kolorze z\u0142otym.<\/p>\n","protected":false},"featured_media":3623,"comment_status":"open","ping_status":"closed","template":"","meta":{"advanced_seo_description":"","jetpack_seo_html_title":"","jetpack_seo_noindex":false},"product_brand":[],"product_cat":[229],"product_tag":[1288,834,866,501,687,757,869],"class_list":{"0":"post-3671","1":"product","2":"type-product","3":"status-publish","4":"has-post-thumbnail","6":"product_cat-sprzedane","7":"product_tag-dlugie-kolczyki-z-ksiezycem-i-sloncem","8":"product_tag-dlugie-kolczyki-ze-stali-chirurgicznej","9":"product_tag-dlugie-kolczyki-ze-stali-szlachetnej","10":"product_tag-ksiezyc","11":"product_tag-luna","12":"product_tag-lunula","13":"product_tag-slonce","15":"first","16":"outofstock","17":"shipping-taxable","18":"product-type-simple"},"jetpack_sharing_enabled":true,"_links":{"self":[{"href":"https:\/\/koraledetale.pl\/index.php?rest_route=\/wp\/v2\/product\/3671","targetHints":{"allow":["GET"]}}],"collection":[{"href":"https:\/\/koraledetale.pl\/index.php?rest_route=\/wp\/v2\/product"}],"about":[{"href":"https:\/\/koraledetale.pl\/index.php?rest_route=\/wp\/v2\/types\/product"}],"replies":[{"embeddable":true,"href":"https:\/\/koraledetale.pl\/index.php?rest_route=%2Fwp%2Fv2%2Fcomments&post=3671"}],"wp:featuredmedia":[{"embeddable":true,"href":"https:\/\/koraledetale.pl\/index.php?rest_route=\/wp\/v2\/media\/3623"}],"wp:attachment":[{"href":"https:\/\/koraledetale.pl\/index.php?rest_route=%2Fwp%2Fv2%2Fmedia&parent=3671"}],"wp:term":[{"taxonomy":"product_brand","embeddable":true,"href":"https:\/\/koraledetale.pl\/index.php?rest_route=%2Fwp%2Fv2%2Fproduct_brand&post=3671"},{"taxonomy":"product_cat","embeddable":true,"href":"https:\/\/koraledetale.pl\/index.php?rest_route=%2Fwp%2Fv2%2Fproduct_cat&post=3671"},{"taxonomy":"product_tag","embeddable":true,"href":"https:\/\/koraledetale.pl\/index.php?rest_route=%2Fwp%2Fv2%2Fproduct_tag&post=3671"}],"curies":[{"name":"wp","href":"https:\/\/api.w.org\/{rel}","templated":true}]}}