{"id":3659,"date":"2023-02-10T10:38:30","date_gmt":"2023-02-10T10:38:30","guid":{"rendered":"https:\/\/koraledetale.pl\/?post_type=product&#038;p=3659"},"modified":"2025-02-15T10:53:09","modified_gmt":"2025-02-15T10:53:09","slug":"kolczyki-nomad-z-rogiem-obfitosci-i-labradorytem","status":"publish","type":"product","link":"https:\/\/koraledetale.pl\/?product=kolczyki-nomad-z-rogiem-obfitosci-i-labradorytem","title":{"rendered":"Kolczyki NOMAD z rogiem obfito\u015bci i labradorytem"},"content":{"rendered":"<p>Wielko\u015b\u0107 labradorytu: 14x7x4 mm.<\/p>\n<p>D\u0142ugo\u015b\u0107 kolczyk\u00f3w \u2013 4 cm.<\/p>\n","protected":false},"excerpt":{"rendered":"<p>D\u0142ugie kolczyki z rogiem obfito\u015bci i fasetowanym labradorytem w kszta\u0142cie migda\u0142u, zawieszonymi na angielskich biglach.<\/p>\n<p>Wszystkie elementy metalowe wykonane s\u0105 z nieuczulaj\u0105cej stali chirurgicznej (szlachetnej) w kolorze srebrnym.<\/p>\n","protected":false},"featured_media":3618,"comment_status":"open","ping_status":"closed","template":"","meta":{"advanced_seo_description":"","jetpack_seo_html_title":"","jetpack_seo_noindex":false},"product_brand":[],"product_cat":[229],"product_tag":[1274,834,763,108,56,687,1286],"class_list":{"0":"post-3659","1":"product","2":"type-product","3":"status-publish","4":"has-post-thumbnail","6":"product_cat-sprzedane","7":"product_tag-dlugie-kolczyki-z-labradorytem","8":"product_tag-dlugie-kolczyki-ze-stali-chirurgicznej","9":"product_tag-kolczyki-z-luna","10":"product_tag-kolczyki-ze-stali-szlachetnej","11":"product_tag-labradoryt","12":"product_tag-luna","13":"product_tag-rog-obfitosci","15":"first","16":"outofstock","17":"shipping-taxable","18":"product-type-simple"},"jetpack_sharing_enabled":true,"_links":{"self":[{"href":"https:\/\/koraledetale.pl\/index.php?rest_route=\/wp\/v2\/product\/3659","targetHints":{"allow":["GET"]}}],"collection":[{"href":"https:\/\/koraledetale.pl\/index.php?rest_route=\/wp\/v2\/product"}],"about":[{"href":"https:\/\/koraledetale.pl\/index.php?rest_route=\/wp\/v2\/types\/product"}],"replies":[{"embeddable":true,"href":"https:\/\/koraledetale.pl\/index.php?rest_route=%2Fwp%2Fv2%2Fcomments&post=3659"}],"wp:featuredmedia":[{"embeddable":true,"href":"https:\/\/koraledetale.pl\/index.php?rest_route=\/wp\/v2\/media\/3618"}],"wp:attachment":[{"href":"https:\/\/koraledetale.pl\/index.php?rest_route=%2Fwp%2Fv2%2Fmedia&parent=3659"}],"wp:term":[{"taxonomy":"product_brand","embeddable":true,"href":"https:\/\/koraledetale.pl\/index.php?rest_route=%2Fwp%2Fv2%2Fproduct_brand&post=3659"},{"taxonomy":"product_cat","embeddable":true,"href":"https:\/\/koraledetale.pl\/index.php?rest_route=%2Fwp%2Fv2%2Fproduct_cat&post=3659"},{"taxonomy":"product_tag","embeddable":true,"href":"https:\/\/koraledetale.pl\/index.php?rest_route=%2Fwp%2Fv2%2Fproduct_tag&post=3659"}],"curies":[{"name":"wp","href":"https:\/\/api.w.org\/{rel}","templated":true}]}}