{"id":3594,"date":"2023-02-06T14:58:27","date_gmt":"2023-02-06T14:58:27","guid":{"rendered":"https:\/\/koraledetale.pl\/?post_type=product&#038;p=3594"},"modified":"2023-09-19T07:52:19","modified_gmt":"2023-09-19T07:52:19","slug":"pierscionek-z-herkimerami","status":"publish","type":"product","link":"https:\/\/koraledetale.pl\/?product=pierscionek-z-herkimerami","title":{"rendered":"Pier\u015bcionek z herkimerami"},"content":{"rendered":"<p>Wielko\u015b\u0107 kamieni:<\/p>\n<ul>\n<li>herkimer &#8211; ok. 4,5 x 2 mm,<\/li>\n<li>piryt &#8211; 2 mm,<\/li>\n<li>hematyt &#8211; 2 mm.<\/li>\n<\/ul>\n<p>Rozmiar pier\u015bcionka: 15-16. Mo\u017cliwe jest zam\u00f3wienie pier\u015bcionka w innym rozmiarze \u2013 napisz w uwagach do zam\u00f3wienia jaki rozmiar Ci\u0119 interesuje.<\/p>\n<p>Diament z Herkimer, zwany te\u017c potocznie po prostu herkimerem, to kryszta\u0142 g\u00f3rski o niezwyk\u0142ej przejrzysto\u015bci i niebywa\u0142ym blasku. St\u0105d w\u0142a\u015bnie por\u00f3wnanie do diamentu. Wydobywany jest wy\u0142\u0105cznie w kopalni w Herkimer (USA). Jego naturalny, geometryczny kszta\u0142t oraz wysoka twardo\u015b\u0107 wyr\u00f3\u017cnia go w\u015br\u00f3d pozosta\u0142ych kwarc\u00f3w.<br \/>\nMa w\u0142a\u015bciwo\u015bci oczyszczaj\u0105ce (zar\u00f3wno z toksyn, jak i blokad energetycznych), pobudza kreatywno\u015b\u0107. Dlatego warto mie\u0107 go zawsze przy sobie, na przyk\u0142ad otoczony piratami (daj\u0105cymi si\u0142\u0119 i odwag\u0119 do bycia niezale\u017cnym) w wygodnym, elastycznym pier\u015bcionku.<\/p>\n","protected":false},"excerpt":{"rendered":"<p>Elastyczny pier\u015bcionek z pirytami, z trzema diamentami z Herkimer w centrum (pomi\u0119dzy z\u0142otymi hematytami).<\/p>\n","protected":false},"featured_media":3581,"comment_status":"open","ping_status":"closed","template":"","meta":{"advanced_seo_description":"","jetpack_seo_html_title":"","jetpack_seo_noindex":false},"product_brand":[],"product_cat":[229],"product_tag":[1253,67,1252,702,50,1254,1255,156],"class_list":{"0":"post-3594","1":"product","2":"type-product","3":"status-publish","4":"has-post-thumbnail","6":"product_cat-sprzedane","7":"product_tag-diament-z-herkimer","8":"product_tag-hematyt","9":"product_tag-herkimer","10":"product_tag-krysztal-gorski","11":"product_tag-pierscionek-elastyczny","12":"product_tag-pierscionek-z-herkimerami","13":"product_tag-pierscionek-z-pirytami","14":"product_tag-piryt","16":"first","17":"outofstock","18":"shipping-taxable","19":"purchasable","20":"product-type-simple"},"jetpack_sharing_enabled":true,"_links":{"self":[{"href":"https:\/\/koraledetale.pl\/index.php?rest_route=\/wp\/v2\/product\/3594","targetHints":{"allow":["GET"]}}],"collection":[{"href":"https:\/\/koraledetale.pl\/index.php?rest_route=\/wp\/v2\/product"}],"about":[{"href":"https:\/\/koraledetale.pl\/index.php?rest_route=\/wp\/v2\/types\/product"}],"replies":[{"embeddable":true,"href":"https:\/\/koraledetale.pl\/index.php?rest_route=%2Fwp%2Fv2%2Fcomments&post=3594"}],"wp:featuredmedia":[{"embeddable":true,"href":"https:\/\/koraledetale.pl\/index.php?rest_route=\/wp\/v2\/media\/3581"}],"wp:attachment":[{"href":"https:\/\/koraledetale.pl\/index.php?rest_route=%2Fwp%2Fv2%2Fmedia&parent=3594"}],"wp:term":[{"taxonomy":"product_brand","embeddable":true,"href":"https:\/\/koraledetale.pl\/index.php?rest_route=%2Fwp%2Fv2%2Fproduct_brand&post=3594"},{"taxonomy":"product_cat","embeddable":true,"href":"https:\/\/koraledetale.pl\/index.php?rest_route=%2Fwp%2Fv2%2Fproduct_cat&post=3594"},{"taxonomy":"product_tag","embeddable":true,"href":"https:\/\/koraledetale.pl\/index.php?rest_route=%2Fwp%2Fv2%2Fproduct_tag&post=3594"}],"curies":[{"name":"wp","href":"https:\/\/api.w.org\/{rel}","templated":true}]}}