{"id":3566,"date":"2023-02-02T18:46:56","date_gmt":"2023-02-02T18:46:56","guid":{"rendered":"https:\/\/koraledetale.pl\/?post_type=product&#038;p=3566"},"modified":"2023-03-07T15:38:45","modified_gmt":"2023-03-07T15:38:45","slug":"bransoletka-joga-z-hematytami","status":"publish","type":"product","link":"https:\/\/koraledetale.pl\/?product=bransoletka-joga-z-hematytami","title":{"rendered":"Bransoletka JOGA z hematytami"},"content":{"rendered":"<p>Wielko\u015b\u0107 hematyt\u00f3w &#8211; 2 mm.<\/p>\n<p>\u015arednica zawieszki &#8211; 8 mm.<\/p>\n<p>D\u0142ugo\u015b\u0107 bransoletki: 15,5-18,8 cm.<\/p>\n","protected":false},"excerpt":{"rendered":"<p>Bransoletka z drobnymi hematytami &#8211; metalicznie niebieskimi i z\u0142otymi, z zawieszk\u0105 &#8211; m\u0142otkowan\u0105 okr\u0105g\u0142\u0105 blaszk\u0105, oraz czerwon\u0105 nitk\u0105 przy przed\u0142u\u017cce. Kamienie zasupe\u0142kowane s\u0105 na czerwonej, mocnej nici jubilerskiej.<\/p>\n<p>Wszystkie elementy metalowe wykonane s\u0105 z nieuczulaj\u0105cej stali chirurgicznej (szlachetnej).<\/p>\n","protected":false},"featured_media":3558,"comment_status":"open","ping_status":"closed","template":"","meta":{"advanced_seo_description":"","jetpack_seo_html_title":"","jetpack_seo_noindex":false},"product_brand":[],"product_cat":[229],"product_tag":[374,194,340,1248,67,72],"class_list":{"0":"post-3566","1":"product","2":"type-product","3":"status-publish","4":"has-post-thumbnail","6":"product_cat-sprzedane","7":"product_tag-bransoletka-na-czerwonej-nitce","8":"product_tag-bransoletka-z-drobnych-hematytow","9":"product_tag-bransoletka-z-niebieskich-kamieni","10":"product_tag-bransoletka-z-niebieskimi-hematytami","11":"product_tag-hematyt","12":"product_tag-zawieszka","14":"first","15":"outofstock","16":"shipping-taxable","17":"purchasable","18":"product-type-simple"},"jetpack_sharing_enabled":true,"_links":{"self":[{"href":"https:\/\/koraledetale.pl\/index.php?rest_route=\/wp\/v2\/product\/3566","targetHints":{"allow":["GET"]}}],"collection":[{"href":"https:\/\/koraledetale.pl\/index.php?rest_route=\/wp\/v2\/product"}],"about":[{"href":"https:\/\/koraledetale.pl\/index.php?rest_route=\/wp\/v2\/types\/product"}],"replies":[{"embeddable":true,"href":"https:\/\/koraledetale.pl\/index.php?rest_route=%2Fwp%2Fv2%2Fcomments&post=3566"}],"wp:featuredmedia":[{"embeddable":true,"href":"https:\/\/koraledetale.pl\/index.php?rest_route=\/wp\/v2\/media\/3558"}],"wp:attachment":[{"href":"https:\/\/koraledetale.pl\/index.php?rest_route=%2Fwp%2Fv2%2Fmedia&parent=3566"}],"wp:term":[{"taxonomy":"product_brand","embeddable":true,"href":"https:\/\/koraledetale.pl\/index.php?rest_route=%2Fwp%2Fv2%2Fproduct_brand&post=3566"},{"taxonomy":"product_cat","embeddable":true,"href":"https:\/\/koraledetale.pl\/index.php?rest_route=%2Fwp%2Fv2%2Fproduct_cat&post=3566"},{"taxonomy":"product_tag","embeddable":true,"href":"https:\/\/koraledetale.pl\/index.php?rest_route=%2Fwp%2Fv2%2Fproduct_tag&post=3566"}],"curies":[{"name":"wp","href":"https:\/\/api.w.org\/{rel}","templated":true}]}}