{"id":3553,"date":"2023-02-02T18:26:51","date_gmt":"2023-02-02T18:26:51","guid":{"rendered":"https:\/\/koraledetale.pl\/?post_type=product&#038;p=3553"},"modified":"2025-08-26T13:31:31","modified_gmt":"2025-08-26T13:31:31","slug":"bransoletka-z-chryzokola-2","status":"publish","type":"product","link":"https:\/\/koraledetale.pl\/?product=bransoletka-z-chryzokola-2","title":{"rendered":"Bransoletka z chryzokol\u0105"},"content":{"rendered":"<p>Wielko\u015b\u0107 kamieni:<\/p>\n<ul>\n<li>chryzokola &#8211; 2,5 mm,<\/li>\n<li>hematyt &#8211; 2 mm, 4&#215;2 mm, 3&#215;2,5 mm.<\/li>\n<\/ul>\n<p>D\u0142ugo\u015b\u0107 bransoletki: 16,8 &#8211; 20,3 mm.<\/p>\n","protected":false},"excerpt":{"rendered":"<p>Bransoletka z chryzokol\u0105 zasupe\u0142kowan\u0105 na czerwonej, mocnej nici jubilerskiej, wraz ze srebrnymi hematytami, z dodatkowym \u0142a\u0144cuszkiem i zawieszk\u0105 &#8211; czerwonym chwo\u015bcikiem.<\/p>\n<p>Wszystkie elementy metalowe wykonane s\u0105 z nieuczulaj\u0105cej stali chirurgicznej (szlachetnej).<\/p>\n","protected":false},"featured_media":3557,"comment_status":"open","ping_status":"closed","template":"","meta":{"advanced_seo_description":"","jetpack_seo_html_title":"","jetpack_seo_noindex":false},"product_brand":[],"product_cat":[229],"product_tag":[374,1246,1054,120,26],"class_list":{"0":"post-3553","1":"product","2":"type-product","3":"status-publish","4":"has-post-thumbnail","6":"product_cat-sprzedane","7":"product_tag-bransoletka-na-czerwonej-nitce","8":"product_tag-bransoletka-z-chryzokola-i-czerwona-nitka","9":"product_tag-bransoletka-z-kamieniami-naturalymi","10":"product_tag-chryzokola","11":"product_tag-srebrny-hematyt","13":"first","14":"outofstock","15":"shipping-taxable","16":"product-type-simple"},"jetpack_sharing_enabled":true,"_links":{"self":[{"href":"https:\/\/koraledetale.pl\/index.php?rest_route=\/wp\/v2\/product\/3553","targetHints":{"allow":["GET"]}}],"collection":[{"href":"https:\/\/koraledetale.pl\/index.php?rest_route=\/wp\/v2\/product"}],"about":[{"href":"https:\/\/koraledetale.pl\/index.php?rest_route=\/wp\/v2\/types\/product"}],"replies":[{"embeddable":true,"href":"https:\/\/koraledetale.pl\/index.php?rest_route=%2Fwp%2Fv2%2Fcomments&post=3553"}],"wp:featuredmedia":[{"embeddable":true,"href":"https:\/\/koraledetale.pl\/index.php?rest_route=\/wp\/v2\/media\/3557"}],"wp:attachment":[{"href":"https:\/\/koraledetale.pl\/index.php?rest_route=%2Fwp%2Fv2%2Fmedia&parent=3553"}],"wp:term":[{"taxonomy":"product_brand","embeddable":true,"href":"https:\/\/koraledetale.pl\/index.php?rest_route=%2Fwp%2Fv2%2Fproduct_brand&post=3553"},{"taxonomy":"product_cat","embeddable":true,"href":"https:\/\/koraledetale.pl\/index.php?rest_route=%2Fwp%2Fv2%2Fproduct_cat&post=3553"},{"taxonomy":"product_tag","embeddable":true,"href":"https:\/\/koraledetale.pl\/index.php?rest_route=%2Fwp%2Fv2%2Fproduct_tag&post=3553"}],"curies":[{"name":"wp","href":"https:\/\/api.w.org\/{rel}","templated":true}]}}