{"id":3551,"date":"2023-02-01T13:48:56","date_gmt":"2023-02-01T13:48:56","guid":{"rendered":"https:\/\/koraledetale.pl\/?post_type=product&#038;p=3551"},"modified":"2023-06-29T14:22:10","modified_gmt":"2023-06-29T14:22:10","slug":"bransoletka-z-rodolitami-rubinami-i-labradorytami","status":"publish","type":"product","link":"https:\/\/koraledetale.pl\/?product=bransoletka-z-rodolitami-rubinami-i-labradorytami","title":{"rendered":"Bransoletka z rodolitami, rubinami i labradorytami"},"content":{"rendered":"<p>Wielko\u015b\u0107 kamieni:<\/p>\n<ul>\n<li>rodolit \u2013 2,5 mm,<\/li>\n<li>rubin &#8211; 2 mm,<\/li>\n<li>labradoryt &#8211; 2 mm,<\/li>\n<li>hematyt \u2013 2 mm.<\/li>\n<\/ul>\n<p>D\u0142ugo\u015b\u0107 bransoletki: 17-20 cm.<\/p>\n","protected":false},"excerpt":{"rendered":"<p>Bransoletka z drobnych rodolit\u00f3w (granat\u00f3w), rubin\u00f3w, labradoryt\u00f3w i z\u0142otych hematyt\u00f3w.<\/p>\n<p>Wszystkie elementy metalowe wykonane s\u0105 z nieuczulaj\u0105cej stali chirurgicznej.<\/p>\n","protected":false},"featured_media":3547,"comment_status":"open","ping_status":"closed","template":"","meta":{"advanced_seo_description":"","jetpack_seo_html_title":"","jetpack_seo_noindex":false},"product_brand":[],"product_cat":[229],"product_tag":[79,1243,190,71,56,1241,117,31],"class_list":{"0":"post-3551","1":"product","2":"type-product","3":"status-publish","4":"has-post-thumbnail","6":"product_cat-sprzedane","7":"product_tag-bransoletka-z-drobnych-kamieni","8":"product_tag-bransoletka-z-granatami-rubinami-i-labradorytami","9":"product_tag-bransoletka-z-kolorowych-kamieni","10":"product_tag-granat","11":"product_tag-labradoryt","12":"product_tag-rodolit","13":"product_tag-rubin","14":"product_tag-zloty-hematyt","16":"first","17":"outofstock","18":"shipping-taxable","19":"purchasable","20":"product-type-simple"},"jetpack_sharing_enabled":true,"_links":{"self":[{"href":"https:\/\/koraledetale.pl\/index.php?rest_route=\/wp\/v2\/product\/3551","targetHints":{"allow":["GET"]}}],"collection":[{"href":"https:\/\/koraledetale.pl\/index.php?rest_route=\/wp\/v2\/product"}],"about":[{"href":"https:\/\/koraledetale.pl\/index.php?rest_route=\/wp\/v2\/types\/product"}],"replies":[{"embeddable":true,"href":"https:\/\/koraledetale.pl\/index.php?rest_route=%2Fwp%2Fv2%2Fcomments&post=3551"}],"wp:featuredmedia":[{"embeddable":true,"href":"https:\/\/koraledetale.pl\/index.php?rest_route=\/wp\/v2\/media\/3547"}],"wp:attachment":[{"href":"https:\/\/koraledetale.pl\/index.php?rest_route=%2Fwp%2Fv2%2Fmedia&parent=3551"}],"wp:term":[{"taxonomy":"product_brand","embeddable":true,"href":"https:\/\/koraledetale.pl\/index.php?rest_route=%2Fwp%2Fv2%2Fproduct_brand&post=3551"},{"taxonomy":"product_cat","embeddable":true,"href":"https:\/\/koraledetale.pl\/index.php?rest_route=%2Fwp%2Fv2%2Fproduct_cat&post=3551"},{"taxonomy":"product_tag","embeddable":true,"href":"https:\/\/koraledetale.pl\/index.php?rest_route=%2Fwp%2Fv2%2Fproduct_tag&post=3551"}],"curies":[{"name":"wp","href":"https:\/\/api.w.org\/{rel}","templated":true}]}}