{"id":3539,"date":"2023-01-31T10:49:33","date_gmt":"2023-01-31T10:49:33","guid":{"rendered":"https:\/\/koraledetale.pl\/?post_type=product&#038;p=3539"},"modified":"2023-02-19T12:54:13","modified_gmt":"2023-02-19T12:54:13","slug":"naszyjnik-apatytowa-luna","status":"publish","type":"product","link":"https:\/\/koraledetale.pl\/?product=naszyjnik-apatytowa-luna","title":{"rendered":"Naszyjnik APATYTOWA LUNA"},"content":{"rendered":"<p>Wielko\u015b\u0107 kamieni:<\/p>\n<ul>\n<li>apatyt \u2013 4&#215;3,5 mm,<\/li>\n<li>hematyt \u2013 3\u00d71 mm, 2 mm.<\/li>\n<\/ul>\n<p>D\u0142ugo\u015b\u0107 naszyjnika \u2013 \u0142a\u0144cuszka 42 cm, \u0142a\u0144cuszka ze sznurem kamieni 48 cm + zawieszka 3 cm. Naszyjnik przy zapi\u0119ciu ma przed\u0142u\u017ck\u0119 umo\u017cliwiaj\u0105c\u0105 wyd\u0142u\u017cenie naszyjnika jeszcze o 5 cm.<\/p>\n<p>&nbsp;<\/p>\n","protected":false},"excerpt":{"rendered":"<p>Warstwowy naszyjnik ze sznurem cieniowanych apatyt\u00f3w przeplatanych z\u0142otymi hematytami, wplecionym w \u0142a\u0144cuszek.\u00a0 Zwie\u0144czeniem naszyjnika jest du\u017ca, a\u017curowa luna.<\/p>\n<p>Wszystkie elementy metalowe wykonane s\u0105 z nieuczulaj\u0105cej stali chirurgicznej (szlachetnej).<\/p>\n","protected":false},"featured_media":3541,"comment_status":"open","ping_status":"closed","template":"","meta":{"advanced_seo_description":"","jetpack_seo_html_title":"","jetpack_seo_noindex":false},"product_brand":[],"product_cat":[229],"product_tag":[92,687,1239,31,142],"class_list":{"0":"post-3539","1":"product","2":"type-product","3":"status-publish","4":"has-post-thumbnail","6":"product_cat-sprzedane","7":"product_tag-apatyt","8":"product_tag-luna","9":"product_tag-naszyjnik-z-apatytami-i-luna","10":"product_tag-zloty-hematyt","11":"product_tag-lancuszek","13":"first","14":"outofstock","15":"shipping-taxable","16":"purchasable","17":"product-type-simple"},"jetpack_sharing_enabled":true,"_links":{"self":[{"href":"https:\/\/koraledetale.pl\/index.php?rest_route=\/wp\/v2\/product\/3539","targetHints":{"allow":["GET"]}}],"collection":[{"href":"https:\/\/koraledetale.pl\/index.php?rest_route=\/wp\/v2\/product"}],"about":[{"href":"https:\/\/koraledetale.pl\/index.php?rest_route=\/wp\/v2\/types\/product"}],"replies":[{"embeddable":true,"href":"https:\/\/koraledetale.pl\/index.php?rest_route=%2Fwp%2Fv2%2Fcomments&post=3539"}],"wp:featuredmedia":[{"embeddable":true,"href":"https:\/\/koraledetale.pl\/index.php?rest_route=\/wp\/v2\/media\/3541"}],"wp:attachment":[{"href":"https:\/\/koraledetale.pl\/index.php?rest_route=%2Fwp%2Fv2%2Fmedia&parent=3539"}],"wp:term":[{"taxonomy":"product_brand","embeddable":true,"href":"https:\/\/koraledetale.pl\/index.php?rest_route=%2Fwp%2Fv2%2Fproduct_brand&post=3539"},{"taxonomy":"product_cat","embeddable":true,"href":"https:\/\/koraledetale.pl\/index.php?rest_route=%2Fwp%2Fv2%2Fproduct_cat&post=3539"},{"taxonomy":"product_tag","embeddable":true,"href":"https:\/\/koraledetale.pl\/index.php?rest_route=%2Fwp%2Fv2%2Fproduct_tag&post=3539"}],"curies":[{"name":"wp","href":"https:\/\/api.w.org\/{rel}","templated":true}]}}