{"id":3533,"date":"2023-01-19T15:17:21","date_gmt":"2023-01-19T15:17:21","guid":{"rendered":"https:\/\/koraledetale.pl\/?post_type=product&#038;p=3533"},"modified":"2023-05-27T14:36:37","modified_gmt":"2023-05-27T14:36:37","slug":"naszyjnik-la-dolce-vita-z-perlami","status":"publish","type":"product","link":"https:\/\/koraledetale.pl\/?product=naszyjnik-la-dolce-vita-z-perlami","title":{"rendered":"Naszyjnik LA DOLCE VITA z per\u0142ami"},"content":{"rendered":"<p>Wielko\u015b\u0107 kamieni:<\/p>\n<ul>\n<li>per\u0142a &#8211; 4,5 x 3 mm i 15 x 9 x 5 mm,<\/li>\n<li>hematyt &#8211; 3 x 2 mm i 2 mm.<\/li>\n<\/ul>\n<p>D\u0142ugo\u015b\u0107 naszyjnika &#8211; do 52 cm.<\/p>\n","protected":false},"excerpt":{"rendered":"<p>\u0141a\u0144cuszek o pod\u0142u\u017cnych oczkach ze wstawk\u0105 z pere\u0142 i z\u0142otych hematyt\u00f3w, z okr\u0105g\u0142ymi elementami i zawieszk\u0105 z du\u017cej, nieregularnej per\u0142y. \u0141a\u0144cuszek mo\u017cna zapi\u0105\u0107 na dowolnym oczku, dostosowuj\u0105c jego d\u0142ugo\u015b\u0107 na potrzeby stylizacji. Okr\u0119cony 3 razy wok\u00f3\u0142 nadgarstka tworzy oryginaln\u0105 bransoletk\u0119.<\/p>\n<p>Wszystkie elementy metalowe wykonane s\u0105 z nieuczulaj\u0105cej stali chirurgicznej (szlachetnej).<\/p>\n","protected":false},"featured_media":3529,"comment_status":"open","ping_status":"closed","template":"","meta":{"advanced_seo_description":"","jetpack_seo_html_title":"","jetpack_seo_noindex":false},"product_brand":[],"product_cat":[229],"product_tag":[183,57,31,182],"class_list":{"0":"post-3533","1":"product","2":"type-product","3":"status-publish","4":"has-post-thumbnail","6":"product_cat-sprzedane","7":"product_tag-naszyjnik-z-perlami","8":"product_tag-perla","9":"product_tag-zloty-hematyt","10":"product_tag-lancuszek-z-perlami","12":"first","13":"outofstock","14":"shipping-taxable","15":"purchasable","16":"product-type-simple"},"jetpack_sharing_enabled":true,"_links":{"self":[{"href":"https:\/\/koraledetale.pl\/index.php?rest_route=\/wp\/v2\/product\/3533","targetHints":{"allow":["GET"]}}],"collection":[{"href":"https:\/\/koraledetale.pl\/index.php?rest_route=\/wp\/v2\/product"}],"about":[{"href":"https:\/\/koraledetale.pl\/index.php?rest_route=\/wp\/v2\/types\/product"}],"replies":[{"embeddable":true,"href":"https:\/\/koraledetale.pl\/index.php?rest_route=%2Fwp%2Fv2%2Fcomments&post=3533"}],"wp:featuredmedia":[{"embeddable":true,"href":"https:\/\/koraledetale.pl\/index.php?rest_route=\/wp\/v2\/media\/3529"}],"wp:attachment":[{"href":"https:\/\/koraledetale.pl\/index.php?rest_route=%2Fwp%2Fv2%2Fmedia&parent=3533"}],"wp:term":[{"taxonomy":"product_brand","embeddable":true,"href":"https:\/\/koraledetale.pl\/index.php?rest_route=%2Fwp%2Fv2%2Fproduct_brand&post=3533"},{"taxonomy":"product_cat","embeddable":true,"href":"https:\/\/koraledetale.pl\/index.php?rest_route=%2Fwp%2Fv2%2Fproduct_cat&post=3533"},{"taxonomy":"product_tag","embeddable":true,"href":"https:\/\/koraledetale.pl\/index.php?rest_route=%2Fwp%2Fv2%2Fproduct_tag&post=3533"}],"curies":[{"name":"wp","href":"https:\/\/api.w.org\/{rel}","templated":true}]}}