{"id":3495,"date":"2023-01-15T11:37:29","date_gmt":"2023-01-15T11:37:29","guid":{"rendered":"https:\/\/koraledetale.pl\/?post_type=product&#038;p=3495"},"modified":"2023-05-10T14:28:32","modified_gmt":"2023-05-10T14:28:32","slug":"naszyjnik-cien-z-turkusami-2","status":"publish","type":"product","link":"https:\/\/koraledetale.pl\/?product=naszyjnik-cien-z-turkusami-2","title":{"rendered":"Naszyjnik CIE\u0143 z turkusami"},"content":{"rendered":"<p>Wielko\u015b\u0107 kamieni:<\/p>\n<ul>\n<li>turkus \u2013 3 mm,<\/li>\n<li>hematyt \u2013 2,5\u00d71 mm i 2 mm.<\/li>\n<\/ul>\n<p>D\u0142ugo\u015b\u0107 naszyjnika: 44,5 \u2013 49,5 cm + zawieszka 2 cm.<\/p>\n","protected":false},"excerpt":{"rendered":"<p>Naszyjnik z cieniowanymi turkusami. Pomi\u0119dzy ciemniejsze kamienie wplecione s\u0105 przek\u0142adki ze z\u0142otego hematytu. Zwie\u0144czeniem naszyjnika jest jednostronna zawieszka z symbolem oka.<\/p>\n<p>Wszystkie elementy metalowe wykonane s\u0105 z nieuczulaj\u0105cej stali chirurgicznej (szlachetnej).<\/p>\n","protected":false},"featured_media":3490,"comment_status":"open","ping_status":"closed","template":"","meta":{"advanced_seo_description":"","jetpack_seo_html_title":"","jetpack_seo_noindex":false},"product_brand":[],"product_cat":[229],"product_tag":[66,263,1229,273,262,1230,105,31],"class_list":{"0":"post-3495","1":"product","2":"type-product","3":"status-publish","4":"has-post-thumbnail","6":"product_cat-sprzedane","7":"product_tag-naszyjnik-z-kamieniami-naturalnymi","8":"product_tag-naszyjnik-z-okiem-opatrznosci","9":"product_tag-naszyjnik-z-okiem-proroka","10":"product_tag-naszyjnik-z-turkusami","11":"product_tag-oko-opatrznosci","12":"product_tag-oko-proroka","13":"product_tag-turkus","14":"product_tag-zloty-hematyt","16":"first","17":"outofstock","18":"shipping-taxable","19":"purchasable","20":"product-type-simple"},"jetpack_sharing_enabled":true,"_links":{"self":[{"href":"https:\/\/koraledetale.pl\/index.php?rest_route=\/wp\/v2\/product\/3495","targetHints":{"allow":["GET"]}}],"collection":[{"href":"https:\/\/koraledetale.pl\/index.php?rest_route=\/wp\/v2\/product"}],"about":[{"href":"https:\/\/koraledetale.pl\/index.php?rest_route=\/wp\/v2\/types\/product"}],"replies":[{"embeddable":true,"href":"https:\/\/koraledetale.pl\/index.php?rest_route=%2Fwp%2Fv2%2Fcomments&post=3495"}],"wp:featuredmedia":[{"embeddable":true,"href":"https:\/\/koraledetale.pl\/index.php?rest_route=\/wp\/v2\/media\/3490"}],"wp:attachment":[{"href":"https:\/\/koraledetale.pl\/index.php?rest_route=%2Fwp%2Fv2%2Fmedia&parent=3495"}],"wp:term":[{"taxonomy":"product_brand","embeddable":true,"href":"https:\/\/koraledetale.pl\/index.php?rest_route=%2Fwp%2Fv2%2Fproduct_brand&post=3495"},{"taxonomy":"product_cat","embeddable":true,"href":"https:\/\/koraledetale.pl\/index.php?rest_route=%2Fwp%2Fv2%2Fproduct_cat&post=3495"},{"taxonomy":"product_tag","embeddable":true,"href":"https:\/\/koraledetale.pl\/index.php?rest_route=%2Fwp%2Fv2%2Fproduct_tag&post=3495"}],"curies":[{"name":"wp","href":"https:\/\/api.w.org\/{rel}","templated":true}]}}