{"id":3481,"date":"2023-01-14T11:26:31","date_gmt":"2023-01-14T11:26:31","guid":{"rendered":"https:\/\/koraledetale.pl\/?post_type=product&#038;p=3481"},"modified":"2025-05-18T11:01:58","modified_gmt":"2025-05-18T11:01:58","slug":"naszyjnik-perly-z-sercem-iii","status":"publish","type":"product","link":"https:\/\/koraledetale.pl\/?product=naszyjnik-perly-z-sercem-iii","title":{"rendered":"Naszyjnik PER\u0141Y Z SERCEM III"},"content":{"rendered":"<p>Wielko\u015b\u0107 kamieni:<\/p>\n<ul>\n<li>per\u0142y &#8211; ok. 7\u00d76 mm,<\/li>\n<li>hematyt &#8211; 2 mm.<\/li>\n<\/ul>\n<p>D\u0142ugo\u015b\u0107 naszyjnika \u2013 41 cm + zawieszka 1,8 cm.<\/p>\n","protected":false},"excerpt":{"rendered":"<p>Choker z pere\u0142 t\u0119czowych z ozdobnym zapi\u0119ciem typu toggle, z zawieszk\u0105 w kszta\u0142cie serca i okr\u0105g\u0142ym elementem dodaj\u0105cym naszyjnikowi nowoczesnego charakteru. Per\u0142y przeplatane s\u0105 z\u0142otymi hematytami i ozdobnymi przek\u0142adkami Tierra Cast (ze stopu nieuczulaj\u0105cych metali, nie zmieniaj\u0105cych koloru). Reszta element\u00f3w metalowych wykonanych jest z nieuczulaj\u0105cej stali chirurgicznej (szlachetnej).<\/p>\n<p>Choker pasuje do wszystkiego \u2013 pocz\u0105wszy od jeans\u00f3w i trampek, na strojnej sukni i szpilkach ko\u0144cz\u0105c.<\/p>\n<p>&nbsp;<\/p>\n","protected":false},"featured_media":3482,"comment_status":"open","ping_status":"closed","template":"","meta":{"advanced_seo_description":"","jetpack_seo_html_title":"","jetpack_seo_noindex":false},"product_brand":[],"product_cat":[229],"product_tag":[269,110,887,319,520,72,31],"class_list":{"0":"post-3481","1":"product","2":"type-product","3":"status-publish","4":"has-post-thumbnail","6":"product_cat-sprzedane","7":"product_tag-choker-z-perel","8":"product_tag-naszyjnik-z-perel","9":"product_tag-naszyjnik-z-sercem","10":"product_tag-perla-teczowa","11":"product_tag-serce","12":"product_tag-zawieszka","13":"product_tag-zloty-hematyt","15":"first","16":"outofstock","17":"shipping-taxable","18":"product-type-simple"},"jetpack_sharing_enabled":true,"_links":{"self":[{"href":"https:\/\/koraledetale.pl\/index.php?rest_route=\/wp\/v2\/product\/3481","targetHints":{"allow":["GET"]}}],"collection":[{"href":"https:\/\/koraledetale.pl\/index.php?rest_route=\/wp\/v2\/product"}],"about":[{"href":"https:\/\/koraledetale.pl\/index.php?rest_route=\/wp\/v2\/types\/product"}],"replies":[{"embeddable":true,"href":"https:\/\/koraledetale.pl\/index.php?rest_route=%2Fwp%2Fv2%2Fcomments&post=3481"}],"wp:featuredmedia":[{"embeddable":true,"href":"https:\/\/koraledetale.pl\/index.php?rest_route=\/wp\/v2\/media\/3482"}],"wp:attachment":[{"href":"https:\/\/koraledetale.pl\/index.php?rest_route=%2Fwp%2Fv2%2Fmedia&parent=3481"}],"wp:term":[{"taxonomy":"product_brand","embeddable":true,"href":"https:\/\/koraledetale.pl\/index.php?rest_route=%2Fwp%2Fv2%2Fproduct_brand&post=3481"},{"taxonomy":"product_cat","embeddable":true,"href":"https:\/\/koraledetale.pl\/index.php?rest_route=%2Fwp%2Fv2%2Fproduct_cat&post=3481"},{"taxonomy":"product_tag","embeddable":true,"href":"https:\/\/koraledetale.pl\/index.php?rest_route=%2Fwp%2Fv2%2Fproduct_tag&post=3481"}],"curies":[{"name":"wp","href":"https:\/\/api.w.org\/{rel}","templated":true}]}}