{"id":3473,"date":"2023-01-13T10:30:55","date_gmt":"2023-01-13T10:30:55","guid":{"rendered":"https:\/\/koraledetale.pl\/?post_type=product&#038;p=3473"},"modified":"2023-01-13T17:20:09","modified_gmt":"2023-01-13T17:20:09","slug":"naszyjnik-szafirowa-luna","status":"publish","type":"product","link":"https:\/\/koraledetale.pl\/?product=naszyjnik-szafirowa-luna","title":{"rendered":"Naszyjnik SZAFIROWA LUNA"},"content":{"rendered":"<p>Wielko\u015b\u0107 kamieni:<\/p>\n<ul>\n<li>szafir \u2013 3 mm,<\/li>\n<li>hematyt \u2013 3\u00d71 mm i 2 mm.<\/li>\n<\/ul>\n<p>D\u0142ugo\u015b\u0107 naszyjnika \u2013 kr\u00f3tszej cz\u0119\u015bci z \u0142a\u0144cuszkiem 40 cm, d\u0142u\u017cszej cz\u0119\u015bci 45 cm + zawieszka 2 cm. Naszyjnik ma przed\u0142u\u017ck\u0119 \u2013 5,5 cm.<\/p>\n","protected":false},"excerpt":{"rendered":"<p>Warstwowy naszyjnik z szafir\u00f3w przeplatanych z\u0142otymi hematytami i rubinem, z dodatkowym \u0142a\u0144cuszkiem oraz zawieszk\u0105 \u2013 lun\u0105. Kamienie zasupe\u0142kowane s\u0105 na nocnej nici jubilerskiej w odcieniu rubin\u00f3w.<\/p>\n<p>Wszystkie elementy metalowe wykonane s\u0105 z nieuczulaj\u0105cej stali chirurgicznej (szlachetnej).<\/p>\n","protected":false},"featured_media":3475,"comment_status":"open","ping_status":"closed","template":"","meta":{"advanced_seo_description":"","jetpack_seo_html_title":"","jetpack_seo_noindex":false},"product_brand":[],"product_cat":[229],"product_tag":[687,757,1226,117,25,1225,31,197,766],"class_list":{"0":"post-3473","1":"product","2":"type-product","3":"status-publish","4":"has-post-thumbnail","6":"product_cat-sprzedane","7":"product_tag-luna","8":"product_tag-lunula","9":"product_tag-naszyjnik-z-szafirami-i-rubinami","10":"product_tag-rubin","11":"product_tag-szafir","12":"product_tag-warstwowy-naszyjnik-z-luna","13":"product_tag-zloty-hematyt","14":"product_tag-lancuszek-z-kamieniami-naturalnymi","15":"product_tag-lancuszek-z-luna","17":"first","18":"outofstock","19":"shipping-taxable","20":"purchasable","21":"product-type-simple"},"jetpack_sharing_enabled":true,"_links":{"self":[{"href":"https:\/\/koraledetale.pl\/index.php?rest_route=\/wp\/v2\/product\/3473","targetHints":{"allow":["GET"]}}],"collection":[{"href":"https:\/\/koraledetale.pl\/index.php?rest_route=\/wp\/v2\/product"}],"about":[{"href":"https:\/\/koraledetale.pl\/index.php?rest_route=\/wp\/v2\/types\/product"}],"replies":[{"embeddable":true,"href":"https:\/\/koraledetale.pl\/index.php?rest_route=%2Fwp%2Fv2%2Fcomments&post=3473"}],"wp:featuredmedia":[{"embeddable":true,"href":"https:\/\/koraledetale.pl\/index.php?rest_route=\/wp\/v2\/media\/3475"}],"wp:attachment":[{"href":"https:\/\/koraledetale.pl\/index.php?rest_route=%2Fwp%2Fv2%2Fmedia&parent=3473"}],"wp:term":[{"taxonomy":"product_brand","embeddable":true,"href":"https:\/\/koraledetale.pl\/index.php?rest_route=%2Fwp%2Fv2%2Fproduct_brand&post=3473"},{"taxonomy":"product_cat","embeddable":true,"href":"https:\/\/koraledetale.pl\/index.php?rest_route=%2Fwp%2Fv2%2Fproduct_cat&post=3473"},{"taxonomy":"product_tag","embeddable":true,"href":"https:\/\/koraledetale.pl\/index.php?rest_route=%2Fwp%2Fv2%2Fproduct_tag&post=3473"}],"curies":[{"name":"wp","href":"https:\/\/api.w.org\/{rel}","templated":true}]}}