{"id":3471,"date":"2023-01-12T10:52:09","date_gmt":"2023-01-12T10:52:09","guid":{"rendered":"https:\/\/koraledetale.pl\/?post_type=product&#038;p=3471"},"modified":"2023-08-05T16:27:59","modified_gmt":"2023-08-05T16:27:59","slug":"kolczyki-totem-z-turmalinem-turkusem-i-koralem","status":"publish","type":"product","link":"https:\/\/koraledetale.pl\/?product=kolczyki-totem-z-turmalinem-turkusem-i-koralem","title":{"rendered":"Kolczyki TOTEM z turmalinem, turkusem i koralem"},"content":{"rendered":"<p>Wielko\u015b\u0107 kamieni:<\/p>\n<ul>\n<li>turmalin \u2013 4,5 mm,<\/li>\n<li>turkus \u2013 ok. 4\u00d72 mm,<\/li>\n<li>koral \u2013 2-4 x 2-3,5 mm,<\/li>\n<li>hematyt \u2013 2mm, 3m5x2 mm i 4\u00d72 mm.<\/li>\n<\/ul>\n<p>D\u0142ugo\u015b\u0107 kolczyk\u00f3w &#8211; 3,8 cm.<\/p>\n","protected":false},"excerpt":{"rendered":"<p>Kolczyki na sztyftach z zawieszkami z kolorowych kamieni: czarnych turmalin\u00f3w, koralu, turkusu i srebrnymi, hematytowymi przek\u0142adkami zawieszonymi na czerwonej, mocnej nici jubilerskiej.<\/p>\n<p>Wszystkie elementy metalowe wykonane s\u0105 z nieuczulaj\u0105cej stali chirurgicznej (szlachetnej).<\/p>\n","protected":false},"featured_media":3468,"comment_status":"open","ping_status":"closed","template":"","meta":{"advanced_seo_description":"","jetpack_seo_html_title":"","jetpack_seo_noindex":false},"product_brand":[],"product_cat":[229],"product_tag":[834,866,43,507,1222,82,26,105],"class_list":{"0":"post-3471","1":"product","2":"type-product","3":"status-publish","4":"has-post-thumbnail","6":"product_cat-sprzedane","7":"product_tag-dlugie-kolczyki-ze-stali-chirurgicznej","8":"product_tag-dlugie-kolczyki-ze-stali-szlachetnej","9":"product_tag-kolczyki-na-sztyftach","10":"product_tag-kolczyki-z-czarnym-turmalinem","11":"product_tag-kolczyki-z-koralem-i-turkusem","12":"product_tag-koral","13":"product_tag-srebrny-hematyt","14":"product_tag-turkus","16":"first","17":"outofstock","18":"shipping-taxable","19":"purchasable","20":"product-type-simple"},"jetpack_sharing_enabled":true,"_links":{"self":[{"href":"https:\/\/koraledetale.pl\/index.php?rest_route=\/wp\/v2\/product\/3471","targetHints":{"allow":["GET"]}}],"collection":[{"href":"https:\/\/koraledetale.pl\/index.php?rest_route=\/wp\/v2\/product"}],"about":[{"href":"https:\/\/koraledetale.pl\/index.php?rest_route=\/wp\/v2\/types\/product"}],"replies":[{"embeddable":true,"href":"https:\/\/koraledetale.pl\/index.php?rest_route=%2Fwp%2Fv2%2Fcomments&post=3471"}],"wp:featuredmedia":[{"embeddable":true,"href":"https:\/\/koraledetale.pl\/index.php?rest_route=\/wp\/v2\/media\/3468"}],"wp:attachment":[{"href":"https:\/\/koraledetale.pl\/index.php?rest_route=%2Fwp%2Fv2%2Fmedia&parent=3471"}],"wp:term":[{"taxonomy":"product_brand","embeddable":true,"href":"https:\/\/koraledetale.pl\/index.php?rest_route=%2Fwp%2Fv2%2Fproduct_brand&post=3471"},{"taxonomy":"product_cat","embeddable":true,"href":"https:\/\/koraledetale.pl\/index.php?rest_route=%2Fwp%2Fv2%2Fproduct_cat&post=3471"},{"taxonomy":"product_tag","embeddable":true,"href":"https:\/\/koraledetale.pl\/index.php?rest_route=%2Fwp%2Fv2%2Fproduct_tag&post=3471"}],"curies":[{"name":"wp","href":"https:\/\/api.w.org\/{rel}","templated":true}]}}