{"id":3462,"date":"2023-01-12T10:45:34","date_gmt":"2023-01-12T10:45:34","guid":{"rendered":"https:\/\/koraledetale.pl\/?post_type=product&#038;p=3462"},"modified":"2023-03-27T11:17:28","modified_gmt":"2023-03-27T11:17:28","slug":"bransoletka-totem-z-turmalinem-turkusem-i-koralem","status":"publish","type":"product","link":"https:\/\/koraledetale.pl\/?product=bransoletka-totem-z-turmalinem-turkusem-i-koralem","title":{"rendered":"Bransoletka TOTEM z turmalinem, turkusem i koralem"},"content":{"rendered":"<p>Wielko\u015b\u0107 kamieni:<\/p>\n<ul>\n<li>turmalin &#8211; 4,5 mm,<\/li>\n<li>turkus &#8211; ok. 4&#215;2 mm,<\/li>\n<li>koral &#8211; 2-4 x 2-3,5 mm,<\/li>\n<li>hematyt &#8211; 2mm, 3m5x2 mm i 4&#215;2 mm.<\/li>\n<\/ul>\n<p>D\u0142ugo\u015b\u0107 bransoletki: 16,6 &#8211; 19,3 cm.<\/p>\n","protected":false},"excerpt":{"rendered":"<p>Bransoletka z czarnych turmalin\u00f3w, przeplatanych koralem i turkusem oraz srebrnymi, hematytowymi przek\u0142adkami. Kamienie zasupe\u0142kowane s\u0105 na czerwonej, mocnej nici jubilerskiej.<\/p>\n<p>Wszystkie elementy metalowe wykonane s\u0105 z nieuczulaj\u0105cej stali chirurgicznej (szlachetnej).<\/p>\n<p>&nbsp;<\/p>\n","protected":false},"featured_media":3470,"comment_status":"open","ping_status":"closed","template":"","meta":{"advanced_seo_description":"","jetpack_seo_html_title":"","jetpack_seo_noindex":false},"product_brand":[],"product_cat":[229],"product_tag":[608,859,190,1221,288,82,26,105],"class_list":{"0":"post-3462","1":"product","2":"type-product","3":"status-publish","4":"has-post-thumbnail","6":"product_cat-sprzedane","7":"product_tag-bransoletka-z-czarnych-kamieni","8":"product_tag-bransoletka-z-czarnymi-turmalinami","9":"product_tag-bransoletka-z-kolorowych-kamieni","10":"product_tag-bransoletka-z-turkusami-i-koralami","11":"product_tag-czarny-turmalin","12":"product_tag-koral","13":"product_tag-srebrny-hematyt","14":"product_tag-turkus","16":"first","17":"outofstock","18":"shipping-taxable","19":"purchasable","20":"product-type-simple"},"jetpack_sharing_enabled":true,"_links":{"self":[{"href":"https:\/\/koraledetale.pl\/index.php?rest_route=\/wp\/v2\/product\/3462","targetHints":{"allow":["GET"]}}],"collection":[{"href":"https:\/\/koraledetale.pl\/index.php?rest_route=\/wp\/v2\/product"}],"about":[{"href":"https:\/\/koraledetale.pl\/index.php?rest_route=\/wp\/v2\/types\/product"}],"replies":[{"embeddable":true,"href":"https:\/\/koraledetale.pl\/index.php?rest_route=%2Fwp%2Fv2%2Fcomments&post=3462"}],"wp:featuredmedia":[{"embeddable":true,"href":"https:\/\/koraledetale.pl\/index.php?rest_route=\/wp\/v2\/media\/3470"}],"wp:attachment":[{"href":"https:\/\/koraledetale.pl\/index.php?rest_route=%2Fwp%2Fv2%2Fmedia&parent=3462"}],"wp:term":[{"taxonomy":"product_brand","embeddable":true,"href":"https:\/\/koraledetale.pl\/index.php?rest_route=%2Fwp%2Fv2%2Fproduct_brand&post=3462"},{"taxonomy":"product_cat","embeddable":true,"href":"https:\/\/koraledetale.pl\/index.php?rest_route=%2Fwp%2Fv2%2Fproduct_cat&post=3462"},{"taxonomy":"product_tag","embeddable":true,"href":"https:\/\/koraledetale.pl\/index.php?rest_route=%2Fwp%2Fv2%2Fproduct_tag&post=3462"}],"curies":[{"name":"wp","href":"https:\/\/api.w.org\/{rel}","templated":true}]}}