{"id":3461,"date":"2023-01-11T11:37:19","date_gmt":"2023-01-11T11:37:19","guid":{"rendered":"https:\/\/koraledetale.pl\/?post_type=product&#038;p=3461"},"modified":"2023-01-20T12:24:07","modified_gmt":"2023-01-20T12:24:07","slug":"kolczyki-nie-do-pary-z-hamsa","status":"publish","type":"product","link":"https:\/\/koraledetale.pl\/?product=kolczyki-nie-do-pary-z-hamsa","title":{"rendered":"Kolczyki NIE DO PARY z hams\u0105"},"content":{"rendered":"<p>Wielko\u015b\u0107 kamieni:<\/p>\n<ul>\n<li>turmalin \u2013 4,5 mm,<\/li>\n<li>hematyt \u2013 3, 3&#215;2 i 2\u00d71 mm.<\/li>\n<\/ul>\n<p>D\u0142ugo\u015b\u0107 kolczyk\u00f3w:<\/p>\n<ul>\n<li>kr\u00f3tszy, na sztyfcie \u2013 2,7 cm,<\/li>\n<li>d\u0142ugi \u2013 6,8 cm.<\/li>\n<\/ul>\n","protected":false},"excerpt":{"rendered":"<p>D\u0142ugie kolczyki tworz\u0105ce asymetryczn\u0105 par\u0119 nie do pary. Motywem spajaj\u0105cym oba kolczyki jest hamsa, czerwony chwo\u015bcik oraz kamienie naturalne w kolorach z\u0142ota (hematyt) i czerni (turmalin).<\/p>\n<p>Wszystkie elementy metalowe wykonane s\u0105 z nieuczulaj\u0105cej stali chirurgicznej (szlachetnej).<\/p>\n","protected":false},"featured_media":3458,"comment_status":"open","ping_status":"closed","template":"","meta":{"advanced_seo_description":"","jetpack_seo_html_title":"","jetpack_seo_noindex":false},"product_brand":[],"product_cat":[229],"product_tag":[1220,65,606,67,1217,507,1219,1080,87],"class_list":{"0":"post-3461","1":"product","2":"type-product","3":"status-publish","4":"has-post-thumbnail","6":"product_cat-sprzedane","7":"product_tag-asymetryczne-kolczyki-z-hamsa","8":"product_tag-chwost","9":"product_tag-czerwona-nitka","10":"product_tag-hematyt","11":"product_tag-kolczyki-nie-do-pary","12":"product_tag-kolczyki-z-czarnym-turmalinem","13":"product_tag-para-nie-do-pary","14":"product_tag-reka-fatimy","15":"product_tag-turmalin","17":"first","18":"outofstock","19":"shipping-taxable","20":"purchasable","21":"product-type-simple"},"jetpack_sharing_enabled":true,"_links":{"self":[{"href":"https:\/\/koraledetale.pl\/index.php?rest_route=\/wp\/v2\/product\/3461","targetHints":{"allow":["GET"]}}],"collection":[{"href":"https:\/\/koraledetale.pl\/index.php?rest_route=\/wp\/v2\/product"}],"about":[{"href":"https:\/\/koraledetale.pl\/index.php?rest_route=\/wp\/v2\/types\/product"}],"replies":[{"embeddable":true,"href":"https:\/\/koraledetale.pl\/index.php?rest_route=%2Fwp%2Fv2%2Fcomments&post=3461"}],"wp:featuredmedia":[{"embeddable":true,"href":"https:\/\/koraledetale.pl\/index.php?rest_route=\/wp\/v2\/media\/3458"}],"wp:attachment":[{"href":"https:\/\/koraledetale.pl\/index.php?rest_route=%2Fwp%2Fv2%2Fmedia&parent=3461"}],"wp:term":[{"taxonomy":"product_brand","embeddable":true,"href":"https:\/\/koraledetale.pl\/index.php?rest_route=%2Fwp%2Fv2%2Fproduct_brand&post=3461"},{"taxonomy":"product_cat","embeddable":true,"href":"https:\/\/koraledetale.pl\/index.php?rest_route=%2Fwp%2Fv2%2Fproduct_cat&post=3461"},{"taxonomy":"product_tag","embeddable":true,"href":"https:\/\/koraledetale.pl\/index.php?rest_route=%2Fwp%2Fv2%2Fproduct_tag&post=3461"}],"curies":[{"name":"wp","href":"https:\/\/api.w.org\/{rel}","templated":true}]}}