{"id":3456,"date":"2023-01-11T11:30:39","date_gmt":"2023-01-11T11:30:39","guid":{"rendered":"https:\/\/koraledetale.pl\/?post_type=product&#038;p=3456"},"modified":"2023-02-14T14:46:52","modified_gmt":"2023-02-14T14:46:52","slug":"kolczyki-nie-do-pary-z-krzyzykami","status":"publish","type":"product","link":"https:\/\/koraledetale.pl\/?product=kolczyki-nie-do-pary-z-krzyzykami","title":{"rendered":"Kolczyki NIE DO PARY z krzy\u017cykami"},"content":{"rendered":"<p>Wielko\u015b\u0107 kamieni:<\/p>\n<ul>\n<li>turmalin &#8211; 4,5 mm,<\/li>\n<li>hematyt &#8211; 3 mm i 2&#215;1 mm.<\/li>\n<\/ul>\n<p>D\u0142ugo\u015b\u0107 kolczyk\u00f3w:<\/p>\n<ul>\n<li>z turmalinem i pe\u0142niejszym krzy\u017cykiem &#8211; 5,1 cm,<\/li>\n<li>z hematytami i cie\u0144szym krzy\u017cykiem &#8211; 5,7 cm.<\/li>\n<\/ul>\n","protected":false},"excerpt":{"rendered":"<p>D\u0142ugie kolczyki tworz\u0105ce par\u0119 nie do pary. Motywem spajaj\u0105cym oba kolczyki s\u0105 krzy\u017cyki oraz kamienie naturalne w kolorach z\u0142ota (hematyt), grafitu (hematyt) i czerni (turmalin).<\/p>\n<p>Wszystkie elementy metalowe wykonane s\u0105 z nieuczulaj\u0105cej stali chirurgicznej (szlachetnej).<\/p>\n","protected":false},"featured_media":3459,"comment_status":"open","ping_status":"closed","template":"","meta":{"advanced_seo_description":"","jetpack_seo_html_title":"","jetpack_seo_noindex":false},"product_brand":[],"product_cat":[229],"product_tag":[288,67,1216,1217,1218],"class_list":{"0":"post-3456","1":"product","2":"type-product","3":"status-publish","4":"has-post-thumbnail","6":"product_cat-sprzedane","7":"product_tag-czarny-turmalin","8":"product_tag-hematyt","9":"product_tag-kolczyki-asymetryczne","10":"product_tag-kolczyki-nie-do-pary","11":"product_tag-kolczyki-z-krzyzykami","13":"first","14":"outofstock","15":"shipping-taxable","16":"purchasable","17":"product-type-simple"},"jetpack_sharing_enabled":true,"_links":{"self":[{"href":"https:\/\/koraledetale.pl\/index.php?rest_route=\/wp\/v2\/product\/3456","targetHints":{"allow":["GET"]}}],"collection":[{"href":"https:\/\/koraledetale.pl\/index.php?rest_route=\/wp\/v2\/product"}],"about":[{"href":"https:\/\/koraledetale.pl\/index.php?rest_route=\/wp\/v2\/types\/product"}],"replies":[{"embeddable":true,"href":"https:\/\/koraledetale.pl\/index.php?rest_route=%2Fwp%2Fv2%2Fcomments&post=3456"}],"wp:featuredmedia":[{"embeddable":true,"href":"https:\/\/koraledetale.pl\/index.php?rest_route=\/wp\/v2\/media\/3459"}],"wp:attachment":[{"href":"https:\/\/koraledetale.pl\/index.php?rest_route=%2Fwp%2Fv2%2Fmedia&parent=3456"}],"wp:term":[{"taxonomy":"product_brand","embeddable":true,"href":"https:\/\/koraledetale.pl\/index.php?rest_route=%2Fwp%2Fv2%2Fproduct_brand&post=3456"},{"taxonomy":"product_cat","embeddable":true,"href":"https:\/\/koraledetale.pl\/index.php?rest_route=%2Fwp%2Fv2%2Fproduct_cat&post=3456"},{"taxonomy":"product_tag","embeddable":true,"href":"https:\/\/koraledetale.pl\/index.php?rest_route=%2Fwp%2Fv2%2Fproduct_tag&post=3456"}],"curies":[{"name":"wp","href":"https:\/\/api.w.org\/{rel}","templated":true}]}}