{"id":3455,"date":"2023-01-10T07:32:24","date_gmt":"2023-01-10T07:32:24","guid":{"rendered":"https:\/\/koraledetale.pl\/?post_type=product&#038;p=3455"},"modified":"2023-02-25T18:42:34","modified_gmt":"2023-02-25T18:42:34","slug":"bransoletka-przeblyski-wiosny-z-lepidolitami-i-labradorytem","status":"publish","type":"product","link":"https:\/\/koraledetale.pl\/?product=bransoletka-przeblyski-wiosny-z-lepidolitami-i-labradorytem","title":{"rendered":"Bransoletka PRZEB\u0141YSKI WIOSNY z lepidolitami i labradorytem"},"content":{"rendered":"<p>Wielko\u015b\u0107 kamieni:<\/p>\n<ul>\n<li>lepidolit \u2013 4,5 mm,<\/li>\n<li>labradoryt &#8211; 5,5 x 5,5 mm,<\/li>\n<li>hematyt \u2013 3\u00d72 mm.<\/li>\n<\/ul>\n<p>D\u0142ugo\u015b\u0107 bransoletki: 17,3 &#8211; 19,8 cm.<\/p>\n","protected":false},"excerpt":{"rendered":"<p>Bransoletka z lepidolitami i z\u0142otymi hematytami, z kostk\u0105 labradorytu w centrum.<\/p>\n<p>Wszystkie elementy metalowe wykonane s\u0105 z nieuczulaj\u0105cej stali chirurgicznej (szlachetnej).<\/p>\n","protected":false},"featured_media":3453,"comment_status":"open","ping_status":"closed","template":"","meta":{"advanced_seo_description":"","jetpack_seo_html_title":"","jetpack_seo_noindex":false},"product_brand":[],"product_cat":[229],"product_tag":[80,1214,1213,56,1215,31],"class_list":{"0":"post-3455","1":"product","2":"type-product","3":"status-publish","4":"has-post-thumbnail","6":"product_cat-sprzedane","7":"product_tag-bransoletka-z-kamieniami-naturalnymi","8":"product_tag-bransoletka-z-labradorytem","9":"product_tag-bransoletka-z-lepidolitami","10":"product_tag-labradoryt","11":"product_tag-lepidolit","12":"product_tag-zloty-hematyt","14":"first","15":"outofstock","16":"shipping-taxable","17":"purchasable","18":"product-type-simple"},"jetpack_sharing_enabled":true,"_links":{"self":[{"href":"https:\/\/koraledetale.pl\/index.php?rest_route=\/wp\/v2\/product\/3455","targetHints":{"allow":["GET"]}}],"collection":[{"href":"https:\/\/koraledetale.pl\/index.php?rest_route=\/wp\/v2\/product"}],"about":[{"href":"https:\/\/koraledetale.pl\/index.php?rest_route=\/wp\/v2\/types\/product"}],"replies":[{"embeddable":true,"href":"https:\/\/koraledetale.pl\/index.php?rest_route=%2Fwp%2Fv2%2Fcomments&post=3455"}],"wp:featuredmedia":[{"embeddable":true,"href":"https:\/\/koraledetale.pl\/index.php?rest_route=\/wp\/v2\/media\/3453"}],"wp:attachment":[{"href":"https:\/\/koraledetale.pl\/index.php?rest_route=%2Fwp%2Fv2%2Fmedia&parent=3455"}],"wp:term":[{"taxonomy":"product_brand","embeddable":true,"href":"https:\/\/koraledetale.pl\/index.php?rest_route=%2Fwp%2Fv2%2Fproduct_brand&post=3455"},{"taxonomy":"product_cat","embeddable":true,"href":"https:\/\/koraledetale.pl\/index.php?rest_route=%2Fwp%2Fv2%2Fproduct_cat&post=3455"},{"taxonomy":"product_tag","embeddable":true,"href":"https:\/\/koraledetale.pl\/index.php?rest_route=%2Fwp%2Fv2%2Fproduct_tag&post=3455"}],"curies":[{"name":"wp","href":"https:\/\/api.w.org\/{rel}","templated":true}]}}