{"id":3420,"date":"2023-01-03T07:35:00","date_gmt":"2023-01-03T07:35:00","guid":{"rendered":"https:\/\/koraledetale.pl\/?post_type=product&#038;p=3420"},"modified":"2023-01-10T12:08:24","modified_gmt":"2023-01-10T12:08:24","slug":"naszyjnik-viva-z-granatami-i-ametystami","status":"publish","type":"product","link":"https:\/\/koraledetale.pl\/?product=naszyjnik-viva-z-granatami-i-ametystami","title":{"rendered":"Naszyjnik VIVA z granatami i ametystami"},"content":{"rendered":"<p>Wielko\u015b\u0107 kamieni:<\/p>\n<ul>\n<li>granat &#8211; 4 mm,<\/li>\n<li>ametyst &#8211; 5 mm,<\/li>\n<li>hematyt &#8211; 2,5&#215;1 mm i 2 mm.<\/li>\n<\/ul>\n<p>D\u0142ugo\u015b\u0107 naszyjnika:<\/p>\n<ul>\n<li>obw\u00f3d &#8211; 80 cm,<\/li>\n<li>d\u0142ugo\u015b\u0107 cz\u0119\u015bci z grotem (odchodz\u0105ca od rozety) &#8211; 10 cm.<\/li>\n<\/ul>\n","protected":false},"excerpt":{"rendered":"<p>D\u0142ugi naszyjnik z g\u0142adkimi kulkami granat\u00f3w, przeplatanych ametystami i z\u0142otymi hematytami, oraz dwiema zawieszkami.<\/p>\n<p>Wszystkie elementy metalowe wykonane s\u0105 z nieuczulaj\u0105cej stali chirurgicznej (szlachetnej).<\/p>\n","protected":false},"featured_media":3429,"comment_status":"open","ping_status":"closed","template":"","meta":{"advanced_seo_description":"","jetpack_seo_html_title":"","jetpack_seo_noindex":false},"product_brand":[],"product_cat":[229],"product_tag":[38,1204,71,67,1203,1205,898],"class_list":{"0":"post-3420","1":"product","2":"type-product","3":"status-publish","4":"has-post-thumbnail","6":"product_cat-sprzedane","7":"product_tag-ametyst","8":"product_tag-dlugi-naszyjnik-z-granatami","9":"product_tag-granat","10":"product_tag-hematyt","11":"product_tag-naszyjnik-rozancowy","12":"product_tag-naszyjnik-z-granatami-i-ametystami","13":"product_tag-zawieszki","15":"first","16":"outofstock","17":"shipping-taxable","18":"purchasable","19":"product-type-simple"},"jetpack_sharing_enabled":true,"_links":{"self":[{"href":"https:\/\/koraledetale.pl\/index.php?rest_route=\/wp\/v2\/product\/3420","targetHints":{"allow":["GET"]}}],"collection":[{"href":"https:\/\/koraledetale.pl\/index.php?rest_route=\/wp\/v2\/product"}],"about":[{"href":"https:\/\/koraledetale.pl\/index.php?rest_route=\/wp\/v2\/types\/product"}],"replies":[{"embeddable":true,"href":"https:\/\/koraledetale.pl\/index.php?rest_route=%2Fwp%2Fv2%2Fcomments&post=3420"}],"wp:featuredmedia":[{"embeddable":true,"href":"https:\/\/koraledetale.pl\/index.php?rest_route=\/wp\/v2\/media\/3429"}],"wp:attachment":[{"href":"https:\/\/koraledetale.pl\/index.php?rest_route=%2Fwp%2Fv2%2Fmedia&parent=3420"}],"wp:term":[{"taxonomy":"product_brand","embeddable":true,"href":"https:\/\/koraledetale.pl\/index.php?rest_route=%2Fwp%2Fv2%2Fproduct_brand&post=3420"},{"taxonomy":"product_cat","embeddable":true,"href":"https:\/\/koraledetale.pl\/index.php?rest_route=%2Fwp%2Fv2%2Fproduct_cat&post=3420"},{"taxonomy":"product_tag","embeddable":true,"href":"https:\/\/koraledetale.pl\/index.php?rest_route=%2Fwp%2Fv2%2Fproduct_tag&post=3420"}],"curies":[{"name":"wp","href":"https:\/\/api.w.org\/{rel}","templated":true}]}}