{"id":3411,"date":"2023-01-01T18:34:06","date_gmt":"2023-01-01T18:34:06","guid":{"rendered":"https:\/\/koraledetale.pl\/?post_type=product&#038;p=3411"},"modified":"2023-03-07T09:37:19","modified_gmt":"2023-03-07T09:37:19","slug":"bransoletka-perlowe-serce","status":"publish","type":"product","link":"https:\/\/koraledetale.pl\/?product=bransoletka-perlowe-serce","title":{"rendered":"Bransoletka PER\u0141OWE SERCE"},"content":{"rendered":"<p>Wielko\u015b\u0107 kamieni:<\/p>\n<ul>\n<li>per\u0142a \u2013 ok. 9 x 6 mm i 14 x 8,5 x 4,5 mm (zawieszka),<\/li>\n<li>hematyt \u2013 2 mm.<\/li>\n<\/ul>\n<p>D\u0142ugo\u015b\u0107 naszyjnika \u2013 17,3 cm (zapi\u0119ta w ma\u0142ym k\u00f3\u0142eczku) lub 18,3 cm (zapi\u0119ta w du\u017cym k\u00f3\u0142ku.<\/p>\n","protected":false},"excerpt":{"rendered":"<p>Bransoletka z pere\u0142, przeplatanych z\u0142otymi hematytami, zapinana z przodu, z zawieszkami:\u00a0 du\u017c\u0105, nieregularn\u0105 per\u0142\u0105 i m\u0142otkowanym (jednostronnie) sercem.<\/p>\n<p>Wszystkie elementy metalowe wykonane s\u0105 z nieuczulaj\u0105cej stali chirurgicznej (szlachetnej).<\/p>\n","protected":false},"featured_media":3410,"comment_status":"open","ping_status":"closed","template":"","meta":{"advanced_seo_description":"","jetpack_seo_html_title":"","jetpack_seo_noindex":false},"product_brand":[],"product_cat":[229],"product_tag":[170,209,503,57,670,520,72],"class_list":{"0":"post-3411","1":"product","2":"type-product","3":"status-publish","4":"has-post-thumbnail","6":"product_cat-sprzedane","7":"product_tag-bransoletka-z-perel","8":"product_tag-bransoletka-z-perlami","9":"product_tag-bransoletka-z-zawieszkami","10":"product_tag-perla","11":"product_tag-perly","12":"product_tag-serce","13":"product_tag-zawieszka","15":"first","16":"outofstock","17":"shipping-taxable","18":"purchasable","19":"product-type-simple"},"jetpack_sharing_enabled":true,"_links":{"self":[{"href":"https:\/\/koraledetale.pl\/index.php?rest_route=\/wp\/v2\/product\/3411","targetHints":{"allow":["GET"]}}],"collection":[{"href":"https:\/\/koraledetale.pl\/index.php?rest_route=\/wp\/v2\/product"}],"about":[{"href":"https:\/\/koraledetale.pl\/index.php?rest_route=\/wp\/v2\/types\/product"}],"replies":[{"embeddable":true,"href":"https:\/\/koraledetale.pl\/index.php?rest_route=%2Fwp%2Fv2%2Fcomments&post=3411"}],"wp:featuredmedia":[{"embeddable":true,"href":"https:\/\/koraledetale.pl\/index.php?rest_route=\/wp\/v2\/media\/3410"}],"wp:attachment":[{"href":"https:\/\/koraledetale.pl\/index.php?rest_route=%2Fwp%2Fv2%2Fmedia&parent=3411"}],"wp:term":[{"taxonomy":"product_brand","embeddable":true,"href":"https:\/\/koraledetale.pl\/index.php?rest_route=%2Fwp%2Fv2%2Fproduct_brand&post=3411"},{"taxonomy":"product_cat","embeddable":true,"href":"https:\/\/koraledetale.pl\/index.php?rest_route=%2Fwp%2Fv2%2Fproduct_cat&post=3411"},{"taxonomy":"product_tag","embeddable":true,"href":"https:\/\/koraledetale.pl\/index.php?rest_route=%2Fwp%2Fv2%2Fproduct_tag&post=3411"}],"curies":[{"name":"wp","href":"https:\/\/api.w.org\/{rel}","templated":true}]}}