{"id":3404,"date":"2023-01-01T18:22:44","date_gmt":"2023-01-01T18:22:44","guid":{"rendered":"https:\/\/koraledetale.pl\/?post_type=product&#038;p=3404"},"modified":"2023-03-30T14:26:24","modified_gmt":"2023-03-30T14:26:24","slug":"naszyjnik-perlowe-serce","status":"publish","type":"product","link":"https:\/\/koraledetale.pl\/?product=naszyjnik-perlowe-serce","title":{"rendered":"Naszyjnik PER\u0141OWE SERCE"},"content":{"rendered":"<p>Wielko\u015b\u0107 kamieni:<\/p>\n<ul>\n<li>per\u0142a &#8211; ok. 7,5 x 9 mm i 14 x 8,5 x 4,5 mm (zawieszka),<\/li>\n<li>hematyt &#8211; 2 mm.<\/li>\n<\/ul>\n<p>D\u0142ugo\u015b\u0107 naszyjnika &#8211; 44 cm + zawieszki 3 cm.<\/p>\n","protected":false},"excerpt":{"rendered":"<p>Naszyjnik z wysokiej jako\u015bci pere\u0142, przeplatanych z\u0142otymi hematytami, zapinany z przodu, z zawieszkami:\u00a0 du\u017c\u0105, nieregularn\u0105 per\u0142\u0105 i m\u0142otkowanym (jednostronnie) sercem.<\/p>\n<p>Wszystkie elementy metalowe wykonane s\u0105 z nieuczulaj\u0105cej stali chirurgicznej (szlachetnej).<\/p>\n","protected":false},"featured_media":3408,"comment_status":"open","ping_status":"closed","template":"","meta":{"advanced_seo_description":"","jetpack_seo_html_title":"","jetpack_seo_noindex":false},"product_brand":[],"product_cat":[229],"product_tag":[110,183,972,57,31],"class_list":{"0":"post-3404","1":"product","2":"type-product","3":"status-publish","4":"has-post-thumbnail","6":"product_cat-sprzedane","7":"product_tag-naszyjnik-z-perel","8":"product_tag-naszyjnik-z-perlami","9":"product_tag-naszyjnik-z-zawieszkami","10":"product_tag-perla","11":"product_tag-zloty-hematyt","13":"first","14":"outofstock","15":"shipping-taxable","16":"purchasable","17":"product-type-simple"},"jetpack_sharing_enabled":true,"_links":{"self":[{"href":"https:\/\/koraledetale.pl\/index.php?rest_route=\/wp\/v2\/product\/3404","targetHints":{"allow":["GET"]}}],"collection":[{"href":"https:\/\/koraledetale.pl\/index.php?rest_route=\/wp\/v2\/product"}],"about":[{"href":"https:\/\/koraledetale.pl\/index.php?rest_route=\/wp\/v2\/types\/product"}],"replies":[{"embeddable":true,"href":"https:\/\/koraledetale.pl\/index.php?rest_route=%2Fwp%2Fv2%2Fcomments&post=3404"}],"wp:featuredmedia":[{"embeddable":true,"href":"https:\/\/koraledetale.pl\/index.php?rest_route=\/wp\/v2\/media\/3408"}],"wp:attachment":[{"href":"https:\/\/koraledetale.pl\/index.php?rest_route=%2Fwp%2Fv2%2Fmedia&parent=3404"}],"wp:term":[{"taxonomy":"product_brand","embeddable":true,"href":"https:\/\/koraledetale.pl\/index.php?rest_route=%2Fwp%2Fv2%2Fproduct_brand&post=3404"},{"taxonomy":"product_cat","embeddable":true,"href":"https:\/\/koraledetale.pl\/index.php?rest_route=%2Fwp%2Fv2%2Fproduct_cat&post=3404"},{"taxonomy":"product_tag","embeddable":true,"href":"https:\/\/koraledetale.pl\/index.php?rest_route=%2Fwp%2Fv2%2Fproduct_tag&post=3404"}],"curies":[{"name":"wp","href":"https:\/\/api.w.org\/{rel}","templated":true}]}}