{"id":3402,"date":"2022-12-30T11:17:52","date_gmt":"2022-12-30T11:17:52","guid":{"rendered":"https:\/\/koraledetale.pl\/?post_type=product&#038;p=3402"},"modified":"2023-01-02T18:50:53","modified_gmt":"2023-01-02T18:50:53","slug":"bransoletka-feria-ii-z-kamieniami-naturalnymi","status":"publish","type":"product","link":"https:\/\/koraledetale.pl\/?product=bransoletka-feria-ii-z-kamieniami-naturalnymi","title":{"rendered":"Bransoletka FEERIA II z kamieniami naturalnymi"},"content":{"rendered":"<p>Wielko\u015b\u0107 kamieni:<\/p>\n<ul>\n<li>kamie\u0144 ksi\u0119\u017cycowy, frenit &#8211; 4,5 mm<\/li>\n<li>turmalin kulka &#8211; 4 mm,<\/li>\n<li>tyrmaliny krople &#8211; 8&#215;5 mm,<\/li>\n<li>iolit &#8211; 6,5 x 4,5 mm,<\/li>\n<li>hematyty &#8211; 2,5 x 2,5 mm i 2&#215;1 mm.<\/li>\n<\/ul>\n<p>Bransoletk\u0119 mo\u017cna zapi\u0105\u0107 w dowolnym oczku \u0142a\u0144cuszka. Maksymalna d\u0142ugo\u015b\u0107 do 21 cm.<\/p>\n","protected":false},"excerpt":{"rendered":"<p>Bransoletka &#8211; \u0142a\u0144cuszek\u00a0 z zawieszkami z kolorowych kamieni naturalnych: fasetowanymi kuleczkami kamienia ksi\u0119\u017cycowego, frenitu i r\u00f3\u017cowego turmalinu, kroplami jasnych turmalin\u00f3w w odcieniach zieleni i r\u00f3\u017cu, pastylk\u0105 iolitu i kosteczk\u0105 z\u0142otego hematytu.<\/p>\n<p>Wszystkie elementy metalowe wykonane s\u0105 z nieuczulaj\u0105cej stali chirurgicznej (szlachetnej).<\/p>\n","protected":false},"featured_media":3397,"comment_status":"open","ping_status":"closed","template":"","meta":{"advanced_seo_description":"","jetpack_seo_html_title":"","jetpack_seo_noindex":false},"product_brand":[],"product_cat":[229],"product_tag":[1199,1201,1200,125,23,64,87,31],"class_list":{"0":"post-3402","1":"product","2":"type-product","3":"status-publish","4":"has-post-thumbnail","6":"product_cat-sprzedane","7":"product_tag-bransoletka-z-kolorowych-kamieni-naturalnych","8":"product_tag-bransoletka-z-tutmalinami","9":"product_tag-bransoletka-lancuszek","10":"product_tag-frenit","11":"product_tag-iolit","12":"product_tag-kamien-ksiezycowy","13":"product_tag-turmalin","14":"product_tag-zloty-hematyt","16":"first","17":"outofstock","18":"shipping-taxable","19":"purchasable","20":"product-type-simple"},"jetpack_sharing_enabled":true,"_links":{"self":[{"href":"https:\/\/koraledetale.pl\/index.php?rest_route=\/wp\/v2\/product\/3402","targetHints":{"allow":["GET"]}}],"collection":[{"href":"https:\/\/koraledetale.pl\/index.php?rest_route=\/wp\/v2\/product"}],"about":[{"href":"https:\/\/koraledetale.pl\/index.php?rest_route=\/wp\/v2\/types\/product"}],"replies":[{"embeddable":true,"href":"https:\/\/koraledetale.pl\/index.php?rest_route=%2Fwp%2Fv2%2Fcomments&post=3402"}],"wp:featuredmedia":[{"embeddable":true,"href":"https:\/\/koraledetale.pl\/index.php?rest_route=\/wp\/v2\/media\/3397"}],"wp:attachment":[{"href":"https:\/\/koraledetale.pl\/index.php?rest_route=%2Fwp%2Fv2%2Fmedia&parent=3402"}],"wp:term":[{"taxonomy":"product_brand","embeddable":true,"href":"https:\/\/koraledetale.pl\/index.php?rest_route=%2Fwp%2Fv2%2Fproduct_brand&post=3402"},{"taxonomy":"product_cat","embeddable":true,"href":"https:\/\/koraledetale.pl\/index.php?rest_route=%2Fwp%2Fv2%2Fproduct_cat&post=3402"},{"taxonomy":"product_tag","embeddable":true,"href":"https:\/\/koraledetale.pl\/index.php?rest_route=%2Fwp%2Fv2%2Fproduct_tag&post=3402"}],"curies":[{"name":"wp","href":"https:\/\/api.w.org\/{rel}","templated":true}]}}