{"id":3391,"date":"2022-12-29T11:41:47","date_gmt":"2022-12-29T11:41:47","guid":{"rendered":"https:\/\/koraledetale.pl\/?post_type=product&#038;p=3391"},"modified":"2023-01-03T17:16:32","modified_gmt":"2023-01-03T17:16:32","slug":"naszyjnik-pirytowe-wahadelko","status":"publish","type":"product","link":"https:\/\/koraledetale.pl\/?product=naszyjnik-pirytowe-wahadelko","title":{"rendered":"Naszyjnik PIRYTOWE WAHADE\u0141KO"},"content":{"rendered":"<p>Wielko\u015b\u0107 kamieni:<\/p>\n<ul>\n<li>piryt \u2013 2 mm,<\/li>\n<li>hematyt \u2013 2 mm, 3&#215;2 i 2&#215;1 mm,<\/li>\n<li>muszla t\u0119czowa &#8211; 15 mm.<\/li>\n<\/ul>\n<p>D\u0142ugo\u015b\u0107 naszyjnika &#8211; 86 cm + zawieszka 2,6 cm..<\/p>\n","protected":false},"excerpt":{"rendered":"<p>D\u0142ugi naszyjnik z drobnymi pirytami, zasupe\u0142kowanymi ze z\u0142otymi hematytami na mocnej nici jubilerskiej. Naszyjnik zwie\u0144cza zawieszka z okr\u0105g\u0142\u0105 muszl\u0105 t\u0119czow\u0105 i z\u0142otymi hematytami.<\/p>\n<p>Wszystkie elementy metalowe wykonane s\u0105 z nieuczulaj\u0105cej stali chirurgicznej (szlachetnej).<\/p>\n","protected":false},"featured_media":3388,"comment_status":"open","ping_status":"closed","template":"","meta":{"advanced_seo_description":"","jetpack_seo_html_title":"","jetpack_seo_noindex":false},"product_brand":[],"product_cat":[229],"product_tag":[1194,1193,1195,156,696,31],"class_list":{"0":"post-3391","1":"product","2":"type-product","3":"status-publish","4":"has-post-thumbnail","6":"product_cat-sprzedane","7":"product_tag-dlugi-naszyjnik-z-muszla-teczowa","8":"product_tag-dlugi-naszyjnik-z-pirytami","9":"product_tag-muszla-teczowa","10":"product_tag-piryt","11":"product_tag-supelkowy-naszyjnik-z-kamieniami-naturalnymi","12":"product_tag-zloty-hematyt","14":"first","15":"outofstock","16":"shipping-taxable","17":"purchasable","18":"product-type-simple"},"jetpack_sharing_enabled":true,"_links":{"self":[{"href":"https:\/\/koraledetale.pl\/index.php?rest_route=\/wp\/v2\/product\/3391","targetHints":{"allow":["GET"]}}],"collection":[{"href":"https:\/\/koraledetale.pl\/index.php?rest_route=\/wp\/v2\/product"}],"about":[{"href":"https:\/\/koraledetale.pl\/index.php?rest_route=\/wp\/v2\/types\/product"}],"replies":[{"embeddable":true,"href":"https:\/\/koraledetale.pl\/index.php?rest_route=%2Fwp%2Fv2%2Fcomments&post=3391"}],"wp:featuredmedia":[{"embeddable":true,"href":"https:\/\/koraledetale.pl\/index.php?rest_route=\/wp\/v2\/media\/3388"}],"wp:attachment":[{"href":"https:\/\/koraledetale.pl\/index.php?rest_route=%2Fwp%2Fv2%2Fmedia&parent=3391"}],"wp:term":[{"taxonomy":"product_brand","embeddable":true,"href":"https:\/\/koraledetale.pl\/index.php?rest_route=%2Fwp%2Fv2%2Fproduct_brand&post=3391"},{"taxonomy":"product_cat","embeddable":true,"href":"https:\/\/koraledetale.pl\/index.php?rest_route=%2Fwp%2Fv2%2Fproduct_cat&post=3391"},{"taxonomy":"product_tag","embeddable":true,"href":"https:\/\/koraledetale.pl\/index.php?rest_route=%2Fwp%2Fv2%2Fproduct_tag&post=3391"}],"curies":[{"name":"wp","href":"https:\/\/api.w.org\/{rel}","templated":true}]}}