{"id":3379,"date":"2022-12-28T09:57:42","date_gmt":"2022-12-28T09:57:42","guid":{"rendered":"https:\/\/koraledetale.pl\/?post_type=product&#038;p=3379"},"modified":"2023-01-30T09:17:18","modified_gmt":"2023-01-30T09:17:18","slug":"bransoletka-kostka-ze-spinelami-i-labradorytem","status":"publish","type":"product","link":"https:\/\/koraledetale.pl\/?product=bransoletka-kostka-ze-spinelami-i-labradorytem","title":{"rendered":"Bransoletka KOSTKA ze spinelami i labradorytem"},"content":{"rendered":"<p>Wielko\u015b\u0107 kamieni:<\/p>\n<ul>\n<li>spinel &#8211; 3&#215;3 mm,<\/li>\n<li>labradoryt &#8211; 5,5&#215;5,5 mm,<\/li>\n<li>hematyt &#8211; 3&#215;3 mm.<\/li>\n<\/ul>\n<p>D\u0142ugo\u015b\u0107 bransoletki: 16,8 &#8211; 19,3 mm.<\/p>\n","protected":false},"excerpt":{"rendered":"<p>Supe\u0142kowa bransoletka ze spinelami i z\u0142otymi hematytami, z du\u017cym labradorytem w centrum. Kamienie maj\u0105 posta\u0107 \u0142agodnie szlifowanych sze\u015bcian\u00f3w. Mocna ni\u0107 jubilerska gwarantuje wytrzyma\u0142o\u015b\u0107. Wszystkie elementy metalowe wykonane s\u0105 z nieuczulaj\u0105cej stali chirurgicznej (szlachetnej).<\/p>\n","protected":false},"featured_media":3383,"comment_status":"open","ping_status":"closed","template":"","meta":{"advanced_seo_description":"","jetpack_seo_html_title":"","jetpack_seo_noindex":false},"product_brand":[],"product_cat":[229],"product_tag":[608,1190,56,39,1191,31],"class_list":{"0":"post-3379","1":"product","2":"type-product","3":"status-publish","4":"has-post-thumbnail","6":"product_cat-sprzedane","7":"product_tag-bransoletka-z-czarnych-kamieni","8":"product_tag-bransoletka-ze-spinelami-i-labradorytem","9":"product_tag-labradoryt","10":"product_tag-spinel","11":"product_tag-supelkowa-bransoletka-ze-spinelami","12":"product_tag-zloty-hematyt","14":"first","15":"outofstock","16":"shipping-taxable","17":"purchasable","18":"product-type-simple"},"jetpack_sharing_enabled":true,"_links":{"self":[{"href":"https:\/\/koraledetale.pl\/index.php?rest_route=\/wp\/v2\/product\/3379","targetHints":{"allow":["GET"]}}],"collection":[{"href":"https:\/\/koraledetale.pl\/index.php?rest_route=\/wp\/v2\/product"}],"about":[{"href":"https:\/\/koraledetale.pl\/index.php?rest_route=\/wp\/v2\/types\/product"}],"replies":[{"embeddable":true,"href":"https:\/\/koraledetale.pl\/index.php?rest_route=%2Fwp%2Fv2%2Fcomments&post=3379"}],"wp:featuredmedia":[{"embeddable":true,"href":"https:\/\/koraledetale.pl\/index.php?rest_route=\/wp\/v2\/media\/3383"}],"wp:attachment":[{"href":"https:\/\/koraledetale.pl\/index.php?rest_route=%2Fwp%2Fv2%2Fmedia&parent=3379"}],"wp:term":[{"taxonomy":"product_brand","embeddable":true,"href":"https:\/\/koraledetale.pl\/index.php?rest_route=%2Fwp%2Fv2%2Fproduct_brand&post=3379"},{"taxonomy":"product_cat","embeddable":true,"href":"https:\/\/koraledetale.pl\/index.php?rest_route=%2Fwp%2Fv2%2Fproduct_cat&post=3379"},{"taxonomy":"product_tag","embeddable":true,"href":"https:\/\/koraledetale.pl\/index.php?rest_route=%2Fwp%2Fv2%2Fproduct_tag&post=3379"}],"curies":[{"name":"wp","href":"https:\/\/api.w.org\/{rel}","templated":true}]}}