{"id":3371,"date":"2022-12-22T15:36:31","date_gmt":"2022-12-22T15:36:31","guid":{"rendered":"https:\/\/koraledetale.pl\/?post_type=product&#038;p=3371"},"modified":"2024-11-16T18:02:55","modified_gmt":"2024-11-16T18:02:55","slug":"choker-odwilz-z-labradorytami-i-cytrynem","status":"publish","type":"product","link":"https:\/\/koraledetale.pl\/?product=choker-odwilz-z-labradorytami-i-cytrynem","title":{"rendered":"Choker ODWIL\u017b z labradorytami i cytrynem"},"content":{"rendered":"<p>Wielko\u015b\u0107 kamieni:<\/p>\n<ul>\n<li>labradoryt &#8211; 13&#215;4 mm i 4 mm,<\/li>\n<li>hematyt &#8211; 2&#215;2 mm, 3&#215;1 mm i 2 mm,<\/li>\n<li>cytryn (w oprawie) &#8211; 11x6x3,5 mm.<\/li>\n<\/ul>\n<p>D\u0142ugo\u015b\u0107 naszyjnika: 40-45 cm.<\/p>\n","protected":false},"excerpt":{"rendered":"<p>Naszyjnik z wa\u0142eczkami i kuleczkami labradorytu, przeplatanymi z\u0142otymi hematytami. Zwie\u0144czeniem naszyjnika jest zawieszka z cytrynem w z\u0142oconej oprawie.<\/p>\n<p>Zapi\u0119cie wykonane jest z nieuczulaj\u0105cej stali chirurgicznej (szlachetnej).<\/p>\n","protected":false},"featured_media":3375,"comment_status":"open","ping_status":"closed","template":"","meta":{"advanced_seo_description":"","jetpack_seo_html_title":"","jetpack_seo_noindex":false},"product_brand":[],"product_cat":[229],"product_tag":[1187,193,56,191,1185,31],"class_list":{"0":"post-3371","1":"product","2":"type-product","3":"status-publish","4":"has-post-thumbnail","6":"product_cat-sprzedane","7":"product_tag-choker-z-labradorytami","8":"product_tag-cytryn","9":"product_tag-labradoryt","10":"product_tag-naszyjnik-z-cytrynem","11":"product_tag-naszyjnik-z-labradorytami","12":"product_tag-zloty-hematyt","14":"first","15":"outofstock","16":"shipping-taxable","17":"product-type-simple"},"jetpack_sharing_enabled":true,"_links":{"self":[{"href":"https:\/\/koraledetale.pl\/index.php?rest_route=\/wp\/v2\/product\/3371","targetHints":{"allow":["GET"]}}],"collection":[{"href":"https:\/\/koraledetale.pl\/index.php?rest_route=\/wp\/v2\/product"}],"about":[{"href":"https:\/\/koraledetale.pl\/index.php?rest_route=\/wp\/v2\/types\/product"}],"replies":[{"embeddable":true,"href":"https:\/\/koraledetale.pl\/index.php?rest_route=%2Fwp%2Fv2%2Fcomments&post=3371"}],"wp:featuredmedia":[{"embeddable":true,"href":"https:\/\/koraledetale.pl\/index.php?rest_route=\/wp\/v2\/media\/3375"}],"wp:attachment":[{"href":"https:\/\/koraledetale.pl\/index.php?rest_route=%2Fwp%2Fv2%2Fmedia&parent=3371"}],"wp:term":[{"taxonomy":"product_brand","embeddable":true,"href":"https:\/\/koraledetale.pl\/index.php?rest_route=%2Fwp%2Fv2%2Fproduct_brand&post=3371"},{"taxonomy":"product_cat","embeddable":true,"href":"https:\/\/koraledetale.pl\/index.php?rest_route=%2Fwp%2Fv2%2Fproduct_cat&post=3371"},{"taxonomy":"product_tag","embeddable":true,"href":"https:\/\/koraledetale.pl\/index.php?rest_route=%2Fwp%2Fv2%2Fproduct_tag&post=3371"}],"curies":[{"name":"wp","href":"https:\/\/api.w.org\/{rel}","templated":true}]}}