{"id":3364,"date":"2022-12-15T12:40:55","date_gmt":"2022-12-15T12:40:55","guid":{"rendered":"https:\/\/koraledetale.pl\/?post_type=product&#038;p=3364"},"modified":"2023-02-26T18:56:31","modified_gmt":"2023-02-26T18:56:31","slug":"naszyjnik-ksiezyc-z-labradorytami","status":"publish","type":"product","link":"https:\/\/koraledetale.pl\/?product=naszyjnik-ksiezyc-z-labradorytami","title":{"rendered":"Naszyjnik KSI\u0118\u017bYC z labradorytami"},"content":{"rendered":"<p>Wielko\u015b\u0107 kamieni:<\/p>\n<ul>\n<li>labradoryt &#8211; 2 mm,<\/li>\n<li>hematyt &#8211; 2,5&#215;2 mm i 2 mm.<\/li>\n<\/ul>\n<p>D\u0142ugo\u015b\u0107 naszyjnika: 16,4-19,5 cm + zawieszka 2 cm.<\/p>\n","protected":false},"excerpt":{"rendered":"<p>Kr\u00f3tki naszyjnik z drobnych labradoryt\u00f3w przeplatanych z\u0142otymi hematytami, zwie\u0144czony zawieszk\u0105 &#8211; jednostronnie karbowanym ksi\u0119\u017cycem i pojedynczym, wi\u0119kszym labradorytem.<\/p>\n<p>Wszystkie elementy metalowe wykonane s\u0105 z nieuczulaj\u0105cej stali chirurgicznej (szlachetnej).<\/p>\n","protected":false},"featured_media":3360,"comment_status":"open","ping_status":"closed","template":"","meta":{"advanced_seo_description":"","jetpack_seo_html_title":"","jetpack_seo_noindex":false},"product_brand":[],"product_cat":[229],"product_tag":[1187,501,56,921,274,31],"class_list":{"0":"post-3364","1":"product","2":"type-product","3":"status-publish","4":"has-post-thumbnail","6":"product_cat-sprzedane","7":"product_tag-choker-z-labradorytami","8":"product_tag-ksiezyc","9":"product_tag-labradoryt","10":"product_tag-naszyjnik-z-drobnych-labradorytow","11":"product_tag-naszyjnik-z-ksiezycem","12":"product_tag-zloty-hematyt","14":"first","15":"outofstock","16":"shipping-taxable","17":"purchasable","18":"product-type-simple"},"jetpack_sharing_enabled":true,"_links":{"self":[{"href":"https:\/\/koraledetale.pl\/index.php?rest_route=\/wp\/v2\/product\/3364","targetHints":{"allow":["GET"]}}],"collection":[{"href":"https:\/\/koraledetale.pl\/index.php?rest_route=\/wp\/v2\/product"}],"about":[{"href":"https:\/\/koraledetale.pl\/index.php?rest_route=\/wp\/v2\/types\/product"}],"replies":[{"embeddable":true,"href":"https:\/\/koraledetale.pl\/index.php?rest_route=%2Fwp%2Fv2%2Fcomments&post=3364"}],"wp:featuredmedia":[{"embeddable":true,"href":"https:\/\/koraledetale.pl\/index.php?rest_route=\/wp\/v2\/media\/3360"}],"wp:attachment":[{"href":"https:\/\/koraledetale.pl\/index.php?rest_route=%2Fwp%2Fv2%2Fmedia&parent=3364"}],"wp:term":[{"taxonomy":"product_brand","embeddable":true,"href":"https:\/\/koraledetale.pl\/index.php?rest_route=%2Fwp%2Fv2%2Fproduct_brand&post=3364"},{"taxonomy":"product_cat","embeddable":true,"href":"https:\/\/koraledetale.pl\/index.php?rest_route=%2Fwp%2Fv2%2Fproduct_cat&post=3364"},{"taxonomy":"product_tag","embeddable":true,"href":"https:\/\/koraledetale.pl\/index.php?rest_route=%2Fwp%2Fv2%2Fproduct_tag&post=3364"}],"curies":[{"name":"wp","href":"https:\/\/api.w.org\/{rel}","templated":true}]}}