{"id":3352,"date":"2022-12-14T08:24:05","date_gmt":"2022-12-14T08:24:05","guid":{"rendered":"https:\/\/koraledetale.pl\/?post_type=product&#038;p=3352"},"modified":"2022-12-30T11:20:47","modified_gmt":"2022-12-30T11:20:47","slug":"naszyjnik-skrzacy-z-labradorytami","status":"publish","type":"product","link":"https:\/\/koraledetale.pl\/?product=naszyjnik-skrzacy-z-labradorytami","title":{"rendered":"Naszyjnik SKRZ\u0104CY z labradorytami"},"content":{"rendered":"<p>Wielko\u015b\u0107 kamieni:<\/p>\n<ul>\n<li>labradoryt \u2013 ok. 4,5\u00d73 mm, \u00a016x7x4 mm (migda\u0142) i 8x8x5 mm (\u0142ezka),<\/li>\n<li>hematyt \u2013 3\u00d71 mm i 2 mm.<\/li>\n<\/ul>\n<p>D\u0142ugo\u015b\u0107 naszyjnika: 42-47 cm.<\/p>\n","protected":false},"excerpt":{"rendered":"<p>Naszyjnik z ciosanych labradoryt\u00f3w (wysokiej klasy jubilerskiej), przeplatanych z\u0142otymi hematytami, z zawieszkami &#8211; okr\u0105g\u0142ymi blaszkami, labradorytem w kszta\u0142cie migda\u0142u i \u0142ezk\u0105 labradorytu przy przed\u0142u\u017cce oraz \u0142a\u0144cuchem o karbowanych, du\u017cych oczkach.<\/p>\n<p>Wszystkie elementy metalowe wykonane s\u0105 z nieuczulaj\u0105cej stali chirurgicznej (szlachetnej).<\/p>\n<p>Naszyjnik mo\u017cna nosi\u0107 na r\u00f3\u017cne sposoby, dowolnie obracaj\u0105c go na szyi. Z ka\u017cdej strony wygl\u0105da dobrze.<\/p>\n","protected":false},"featured_media":3355,"comment_status":"open","ping_status":"closed","template":"","meta":{"advanced_seo_description":"","jetpack_seo_html_title":"","jetpack_seo_noindex":false},"product_brand":[],"product_cat":[229],"product_tag":[56,1185,1186,972,31,197],"class_list":{"0":"post-3352","1":"product","2":"type-product","3":"status-publish","4":"has-post-thumbnail","6":"product_cat-sprzedane","7":"product_tag-labradoryt","8":"product_tag-naszyjnik-z-labradorytami","9":"product_tag-naszyjnik-z-szarymi-kamieniami","10":"product_tag-naszyjnik-z-zawieszkami","11":"product_tag-zloty-hematyt","12":"product_tag-lancuszek-z-kamieniami-naturalnymi","14":"first","15":"outofstock","16":"shipping-taxable","17":"purchasable","18":"product-type-simple"},"jetpack_sharing_enabled":true,"_links":{"self":[{"href":"https:\/\/koraledetale.pl\/index.php?rest_route=\/wp\/v2\/product\/3352","targetHints":{"allow":["GET"]}}],"collection":[{"href":"https:\/\/koraledetale.pl\/index.php?rest_route=\/wp\/v2\/product"}],"about":[{"href":"https:\/\/koraledetale.pl\/index.php?rest_route=\/wp\/v2\/types\/product"}],"replies":[{"embeddable":true,"href":"https:\/\/koraledetale.pl\/index.php?rest_route=%2Fwp%2Fv2%2Fcomments&post=3352"}],"wp:featuredmedia":[{"embeddable":true,"href":"https:\/\/koraledetale.pl\/index.php?rest_route=\/wp\/v2\/media\/3355"}],"wp:attachment":[{"href":"https:\/\/koraledetale.pl\/index.php?rest_route=%2Fwp%2Fv2%2Fmedia&parent=3352"}],"wp:term":[{"taxonomy":"product_brand","embeddable":true,"href":"https:\/\/koraledetale.pl\/index.php?rest_route=%2Fwp%2Fv2%2Fproduct_brand&post=3352"},{"taxonomy":"product_cat","embeddable":true,"href":"https:\/\/koraledetale.pl\/index.php?rest_route=%2Fwp%2Fv2%2Fproduct_cat&post=3352"},{"taxonomy":"product_tag","embeddable":true,"href":"https:\/\/koraledetale.pl\/index.php?rest_route=%2Fwp%2Fv2%2Fproduct_tag&post=3352"}],"curies":[{"name":"wp","href":"https:\/\/api.w.org\/{rel}","templated":true}]}}