{"id":3351,"date":"2022-12-13T10:26:13","date_gmt":"2022-12-13T10:26:13","guid":{"rendered":"https:\/\/koraledetale.pl\/?post_type=product&#038;p=3351"},"modified":"2023-01-03T10:59:58","modified_gmt":"2023-01-03T10:59:58","slug":"kolczyki-skrzace-z-labradorytami","status":"publish","type":"product","link":"https:\/\/koraledetale.pl\/?product=kolczyki-skrzace-z-labradorytami","title":{"rendered":"Kolczyki SKRZ\u0104CE z labradorytami"},"content":{"rendered":"<p>Wielko\u015b\u0107 labradoryt\u00f3w &#8211; 16x7x4 mm.<\/p>\n<p>D\u0142ugo\u015b\u0107 kolczyk\u00f3w &#8211; 2,5 cm.<\/p>\n","protected":false},"excerpt":{"rendered":"<p>Kolczyki na sztyftach z labradorytami w kszta\u0142cie migda\u0142u i okr\u0105g\u0142\u0105 blaszk\u0105.<\/p>\n<p>Wszystkie elementy metalowe wykonane s\u0105 z nieuczulaj\u0105cej stali chirurgicznej (szlachetnej).<\/p>\n","protected":false},"featured_media":3347,"comment_status":"open","ping_status":"closed","template":"","meta":{"advanced_seo_description":"","jetpack_seo_html_title":"","jetpack_seo_noindex":false},"product_brand":[],"product_cat":[229],"product_tag":[732,866,1184,945,107,56],"class_list":{"0":"post-3351","1":"product","2":"type-product","3":"status-publish","4":"has-post-thumbnail","6":"product_cat-sprzedane","7":"product_tag-blaszka","8":"product_tag-dlugie-kolczyki-ze-stali-szlachetnej","9":"product_tag-kolczyki-na-sztyftach-z-labradorytami","10":"product_tag-kolczyki-z-zawieszkami","11":"product_tag-kolczyki-ze-stali-chirurgicznej","12":"product_tag-labradoryt","14":"first","15":"outofstock","16":"shipping-taxable","17":"purchasable","18":"product-type-simple"},"jetpack_sharing_enabled":true,"_links":{"self":[{"href":"https:\/\/koraledetale.pl\/index.php?rest_route=\/wp\/v2\/product\/3351","targetHints":{"allow":["GET"]}}],"collection":[{"href":"https:\/\/koraledetale.pl\/index.php?rest_route=\/wp\/v2\/product"}],"about":[{"href":"https:\/\/koraledetale.pl\/index.php?rest_route=\/wp\/v2\/types\/product"}],"replies":[{"embeddable":true,"href":"https:\/\/koraledetale.pl\/index.php?rest_route=%2Fwp%2Fv2%2Fcomments&post=3351"}],"wp:featuredmedia":[{"embeddable":true,"href":"https:\/\/koraledetale.pl\/index.php?rest_route=\/wp\/v2\/media\/3347"}],"wp:attachment":[{"href":"https:\/\/koraledetale.pl\/index.php?rest_route=%2Fwp%2Fv2%2Fmedia&parent=3351"}],"wp:term":[{"taxonomy":"product_brand","embeddable":true,"href":"https:\/\/koraledetale.pl\/index.php?rest_route=%2Fwp%2Fv2%2Fproduct_brand&post=3351"},{"taxonomy":"product_cat","embeddable":true,"href":"https:\/\/koraledetale.pl\/index.php?rest_route=%2Fwp%2Fv2%2Fproduct_cat&post=3351"},{"taxonomy":"product_tag","embeddable":true,"href":"https:\/\/koraledetale.pl\/index.php?rest_route=%2Fwp%2Fv2%2Fproduct_tag&post=3351"}],"curies":[{"name":"wp","href":"https:\/\/api.w.org\/{rel}","templated":true}]}}