{"id":3337,"date":"2022-12-08T11:03:22","date_gmt":"2022-12-08T11:03:22","guid":{"rendered":"https:\/\/koraledetale.pl\/?post_type=product&#038;p=3337"},"modified":"2022-12-17T20:30:16","modified_gmt":"2022-12-17T20:30:16","slug":"bransoletka-rosa-z-apatytem-szmaragdem-i-zoisytem","status":"publish","type":"product","link":"https:\/\/koraledetale.pl\/?product=bransoletka-rosa-z-apatytem-szmaragdem-i-zoisytem","title":{"rendered":"Bransoletka ROSA z apatytem, szmaragdem i zoisytem"},"content":{"rendered":"<p>Wielko\u015b\u0107 kamieni:<\/p>\n<ul>\n<li>apatyt \u2013 3\u00d72,5 mm<\/li>\n<li>szmaragd \u2013 3 mm,<\/li>\n<li>zoisyt \u2013 2,5 mm,<\/li>\n<li>hematyt \u2013 2,5 mm i 2\u00d71 mm..<\/li>\n<\/ul>\n<p>D\u0142ugo\u015b\u0107 bransoletki: 17,5-20,5 cm.<\/p>\n","protected":false},"excerpt":{"rendered":"<p>Bransoletka z apatytami, ciemnymi szmaragdami, zoisytami i z\u0142otymi hematytami.<\/p>\n<p>Wszystkie elementy metalowe wykonane s\u0105 z nieuczulaj\u0105cej stali chirurgicznej (szlachetnej).<\/p>\n","protected":false},"featured_media":3339,"comment_status":"open","ping_status":"closed","template":"","meta":{"advanced_seo_description":"","jetpack_seo_html_title":"","jetpack_seo_noindex":false},"product_brand":[],"product_cat":[229],"product_tag":[92,1182,547,502,143,126,31],"class_list":{"0":"post-3337","1":"product","2":"type-product","3":"status-publish","4":"has-post-thumbnail","6":"product_cat-sprzedane","7":"product_tag-apatyt","8":"product_tag-bransoletka-z-apatytami-i-szmaragdami","9":"product_tag-bransoletka-z-drobnych-kamieni-naturalnych","10":"product_tag-bransoletka-z-zielonych-kamieni-naturalnych","11":"product_tag-szmaragd","12":"product_tag-zoisyt","13":"product_tag-zloty-hematyt","15":"first","16":"outofstock","17":"shipping-taxable","18":"purchasable","19":"product-type-simple"},"jetpack_sharing_enabled":true,"_links":{"self":[{"href":"https:\/\/koraledetale.pl\/index.php?rest_route=\/wp\/v2\/product\/3337","targetHints":{"allow":["GET"]}}],"collection":[{"href":"https:\/\/koraledetale.pl\/index.php?rest_route=\/wp\/v2\/product"}],"about":[{"href":"https:\/\/koraledetale.pl\/index.php?rest_route=\/wp\/v2\/types\/product"}],"replies":[{"embeddable":true,"href":"https:\/\/koraledetale.pl\/index.php?rest_route=%2Fwp%2Fv2%2Fcomments&post=3337"}],"wp:featuredmedia":[{"embeddable":true,"href":"https:\/\/koraledetale.pl\/index.php?rest_route=\/wp\/v2\/media\/3339"}],"wp:attachment":[{"href":"https:\/\/koraledetale.pl\/index.php?rest_route=%2Fwp%2Fv2%2Fmedia&parent=3337"}],"wp:term":[{"taxonomy":"product_brand","embeddable":true,"href":"https:\/\/koraledetale.pl\/index.php?rest_route=%2Fwp%2Fv2%2Fproduct_brand&post=3337"},{"taxonomy":"product_cat","embeddable":true,"href":"https:\/\/koraledetale.pl\/index.php?rest_route=%2Fwp%2Fv2%2Fproduct_cat&post=3337"},{"taxonomy":"product_tag","embeddable":true,"href":"https:\/\/koraledetale.pl\/index.php?rest_route=%2Fwp%2Fv2%2Fproduct_tag&post=3337"}],"curies":[{"name":"wp","href":"https:\/\/api.w.org\/{rel}","templated":true}]}}