{"id":3334,"date":"2022-12-07T17:58:47","date_gmt":"2022-12-07T17:58:47","guid":{"rendered":"https:\/\/koraledetale.pl\/?post_type=product&#038;p=3334"},"modified":"2023-03-08T17:02:46","modified_gmt":"2023-03-08T17:02:46","slug":"kolczyki-rosa-z-chalcedonem-apatytem-szmaragdem-i-zoisytem","status":"publish","type":"product","link":"https:\/\/koraledetale.pl\/?product=kolczyki-rosa-z-chalcedonem-apatytem-szmaragdem-i-zoisytem","title":{"rendered":"Kolczyki ROSA z chalcedonem, apatytem, szmaragdem i zoisytem"},"content":{"rendered":"<p>Wielko\u015b\u0107 kamieni:<\/p>\n<ul>\n<li>chalcedon \u2013 10&#215;6,5 mm,<\/li>\n<li>apatyt \u2013 3&#215;2,5 mm<\/li>\n<li>szmaragd &#8211; 3 mm,<\/li>\n<li>zoisyt &#8211; 2,5 mm,<\/li>\n<li>hematyt &#8211; 2,5 mm i 2&#215;1 mm..<\/li>\n<\/ul>\n<p>D\u0142ugo\u015b\u0107 kolczyk\u00f3w \u2013 6,1 cm.<\/p>\n","protected":false},"excerpt":{"rendered":"<p>D\u0142ugie kolczyki z apatytami, ciemnymi szmaragdami, zoisytami po bokach, z\u0142otymi hematytami i kroplami chalcedonu.<\/p>\n<p>Wszystkie elementy metalowe wykonane s\u0105 z nieuczulaj\u0105cej stali chirurgicznej (szlachetnej).<\/p>\n","protected":false},"featured_media":3331,"comment_status":"open","ping_status":"closed","template":"","meta":{"advanced_seo_description":"","jetpack_seo_html_title":"","jetpack_seo_noindex":false},"product_brand":[],"product_cat":[229],"product_tag":[92,439,815,1181,1180,143,126,31],"class_list":{"0":"post-3334","1":"product","2":"type-product","3":"status-publish","4":"has-post-thumbnail","6":"product_cat-sprzedane","7":"product_tag-apatyt","8":"product_tag-chalcedon","9":"product_tag-dlugie-kolczyki-z-kamieniami-naturalnymi","10":"product_tag-dlugie-kolczyki-z-kropla-chalcedonu","11":"product_tag-kolczyki-z-apatytami-i-szmaragdami","12":"product_tag-szmaragd","13":"product_tag-zoisyt","14":"product_tag-zloty-hematyt","16":"first","17":"outofstock","18":"shipping-taxable","19":"purchasable","20":"product-type-simple"},"jetpack_sharing_enabled":true,"_links":{"self":[{"href":"https:\/\/koraledetale.pl\/index.php?rest_route=\/wp\/v2\/product\/3334","targetHints":{"allow":["GET"]}}],"collection":[{"href":"https:\/\/koraledetale.pl\/index.php?rest_route=\/wp\/v2\/product"}],"about":[{"href":"https:\/\/koraledetale.pl\/index.php?rest_route=\/wp\/v2\/types\/product"}],"replies":[{"embeddable":true,"href":"https:\/\/koraledetale.pl\/index.php?rest_route=%2Fwp%2Fv2%2Fcomments&post=3334"}],"wp:featuredmedia":[{"embeddable":true,"href":"https:\/\/koraledetale.pl\/index.php?rest_route=\/wp\/v2\/media\/3331"}],"wp:attachment":[{"href":"https:\/\/koraledetale.pl\/index.php?rest_route=%2Fwp%2Fv2%2Fmedia&parent=3334"}],"wp:term":[{"taxonomy":"product_brand","embeddable":true,"href":"https:\/\/koraledetale.pl\/index.php?rest_route=%2Fwp%2Fv2%2Fproduct_brand&post=3334"},{"taxonomy":"product_cat","embeddable":true,"href":"https:\/\/koraledetale.pl\/index.php?rest_route=%2Fwp%2Fv2%2Fproduct_cat&post=3334"},{"taxonomy":"product_tag","embeddable":true,"href":"https:\/\/koraledetale.pl\/index.php?rest_route=%2Fwp%2Fv2%2Fproduct_tag&post=3334"}],"curies":[{"name":"wp","href":"https:\/\/api.w.org\/{rel}","templated":true}]}}