{"id":3313,"date":"2022-11-30T13:30:53","date_gmt":"2022-11-30T13:30:53","guid":{"rendered":"https:\/\/koraledetale.pl\/?post_type=product&#038;p=3313"},"modified":"2023-12-09T18:51:07","modified_gmt":"2023-12-09T18:51:07","slug":"mala-na-wytrwalosc-2","status":"publish","type":"product","link":"https:\/\/koraledetale.pl\/?product=mala-na-wytrwalosc-2","title":{"rendered":"Mala na wytrwa\u0142o\u015b\u0107 II"},"content":{"rendered":"<p>Wielko\u015b\u0107 kamieni:<\/p>\n<ul>\n<li>onyks \u2013 6,5 mm i 8,5mm (guru),<\/li>\n<li>koral \u2013 6,5 mm,<\/li>\n<li>hematyt \u2013 4\u00d73 mm.<\/li>\n<\/ul>\n<p>D\u0142ugo\u015b\u0107 mali \u2013 80 cm + guru z chwostem -13,5 cm.<\/p>\n","protected":false},"excerpt":{"rendered":"<p>Mala z g\u0142adkich onyks\u00f3w, przeplatanych koralami, z wplecionymi z\u0142otymi, matowymi hematytami. Sznur zwie\u0144cza guru z onyksu oraz jedwabny chwost.<\/p>\n","protected":false},"featured_media":3309,"comment_status":"open","ping_status":"closed","template":"","meta":{"advanced_seo_description":"","jetpack_seo_html_title":"","jetpack_seo_noindex":false},"product_brand":[],"product_cat":[229],"product_tag":[478,82,1172,1175,774,800,31],"class_list":{"0":"post-3313","1":"product","2":"type-product","3":"status-publish","4":"has-post-thumbnail","6":"product_cat-sprzedane","7":"product_tag-jedwab","8":"product_tag-koral","9":"product_tag-mala-z-jedwabnym-chwostem","10":"product_tag-mala-z-onyksami-i-koralem","11":"product_tag-naszyjnik-z-chwostem","12":"product_tag-onyks","13":"product_tag-zloty-hematyt","15":"first","16":"outofstock","17":"shipping-taxable","18":"purchasable","19":"product-type-simple"},"jetpack_sharing_enabled":true,"_links":{"self":[{"href":"https:\/\/koraledetale.pl\/index.php?rest_route=\/wp\/v2\/product\/3313","targetHints":{"allow":["GET"]}}],"collection":[{"href":"https:\/\/koraledetale.pl\/index.php?rest_route=\/wp\/v2\/product"}],"about":[{"href":"https:\/\/koraledetale.pl\/index.php?rest_route=\/wp\/v2\/types\/product"}],"replies":[{"embeddable":true,"href":"https:\/\/koraledetale.pl\/index.php?rest_route=%2Fwp%2Fv2%2Fcomments&post=3313"}],"wp:featuredmedia":[{"embeddable":true,"href":"https:\/\/koraledetale.pl\/index.php?rest_route=\/wp\/v2\/media\/3309"}],"wp:attachment":[{"href":"https:\/\/koraledetale.pl\/index.php?rest_route=%2Fwp%2Fv2%2Fmedia&parent=3313"}],"wp:term":[{"taxonomy":"product_brand","embeddable":true,"href":"https:\/\/koraledetale.pl\/index.php?rest_route=%2Fwp%2Fv2%2Fproduct_brand&post=3313"},{"taxonomy":"product_cat","embeddable":true,"href":"https:\/\/koraledetale.pl\/index.php?rest_route=%2Fwp%2Fv2%2Fproduct_cat&post=3313"},{"taxonomy":"product_tag","embeddable":true,"href":"https:\/\/koraledetale.pl\/index.php?rest_route=%2Fwp%2Fv2%2Fproduct_tag&post=3313"}],"curies":[{"name":"wp","href":"https:\/\/api.w.org\/{rel}","templated":true}]}}