{"id":3279,"date":"2022-11-18T21:27:32","date_gmt":"2022-11-18T21:27:32","guid":{"rendered":"https:\/\/koraledetale.pl\/?post_type=product&#038;p=3279"},"modified":"2022-12-06T13:11:49","modified_gmt":"2022-12-06T13:11:49","slug":"naszyjnik-ulotny-ze-spinelami","status":"publish","type":"product","link":"https:\/\/koraledetale.pl\/?product=naszyjnik-ulotny-ze-spinelami","title":{"rendered":"Naszyjnik ULOTNY ze spinelami"},"content":{"rendered":"<p>Wielko\u015b\u0107 kamieni:<\/p>\n<ul>\n<li>spinel &#8211; 3&#215;2 mm,<\/li>\n<li>hematyt &#8211; 2&#215;1 mm.<\/li>\n<\/ul>\n<p>Obw\u00f3d naszyjnika &#8211; 45 cm. D\u0142ugo\u015b\u0107 cz\u0119\u015bci od zapi\u0119cia do ko\u0144ca zawieszki &#8211; 17,5 cm, w tym zawieszka 3 cm.<\/p>\n","protected":false},"excerpt":{"rendered":"<p>D\u0142ugi \u0142a\u0144cuszek z zapi\u0119ciem z przodu, ze wstawkami spineli przeplatanymi z\u0142otymi hematytami, zwie\u0144czonym zawieszk\u0105 &#8211; jednostronnym pi\u00f3rkiem (druga strona zawieszki jest g\u0142adka).<\/p>\n<p>Wszystkie elementy metalowe wykonane s\u0105 z nieuczulaj\u0105cej stali chirurgicznej (szlachetnej).<\/p>\n","protected":false},"featured_media":3284,"comment_status":"open","ping_status":"closed","template":"","meta":{"advanced_seo_description":"","jetpack_seo_html_title":"","jetpack_seo_noindex":false},"product_brand":[],"product_cat":[229],"product_tag":[1169,1090,935,39,31,1170],"class_list":{"0":"post-3279","1":"product","2":"type-product","3":"status-publish","4":"has-post-thumbnail","6":"product_cat-sprzedane","7":"product_tag-dlugi-lancuszek-ze-spinelami","8":"product_tag-naszyjnik-z-czarnymi-kamieniami","9":"product_tag-piorko","10":"product_tag-spinel","11":"product_tag-zloty-hematyt","12":"product_tag-lancuszek-z-piorkiem","14":"first","15":"outofstock","16":"shipping-taxable","17":"purchasable","18":"product-type-simple"},"jetpack_sharing_enabled":true,"_links":{"self":[{"href":"https:\/\/koraledetale.pl\/index.php?rest_route=\/wp\/v2\/product\/3279","targetHints":{"allow":["GET"]}}],"collection":[{"href":"https:\/\/koraledetale.pl\/index.php?rest_route=\/wp\/v2\/product"}],"about":[{"href":"https:\/\/koraledetale.pl\/index.php?rest_route=\/wp\/v2\/types\/product"}],"replies":[{"embeddable":true,"href":"https:\/\/koraledetale.pl\/index.php?rest_route=%2Fwp%2Fv2%2Fcomments&post=3279"}],"wp:featuredmedia":[{"embeddable":true,"href":"https:\/\/koraledetale.pl\/index.php?rest_route=\/wp\/v2\/media\/3284"}],"wp:attachment":[{"href":"https:\/\/koraledetale.pl\/index.php?rest_route=%2Fwp%2Fv2%2Fmedia&parent=3279"}],"wp:term":[{"taxonomy":"product_brand","embeddable":true,"href":"https:\/\/koraledetale.pl\/index.php?rest_route=%2Fwp%2Fv2%2Fproduct_brand&post=3279"},{"taxonomy":"product_cat","embeddable":true,"href":"https:\/\/koraledetale.pl\/index.php?rest_route=%2Fwp%2Fv2%2Fproduct_cat&post=3279"},{"taxonomy":"product_tag","embeddable":true,"href":"https:\/\/koraledetale.pl\/index.php?rest_route=%2Fwp%2Fv2%2Fproduct_tag&post=3279"}],"curies":[{"name":"wp","href":"https:\/\/api.w.org\/{rel}","templated":true}]}}