{"id":3276,"date":"2022-11-17T09:26:56","date_gmt":"2022-11-17T09:26:56","guid":{"rendered":"https:\/\/koraledetale.pl\/?post_type=product&#038;p=3276"},"modified":"2023-08-05T16:23:53","modified_gmt":"2023-08-05T16:23:53","slug":"naszyjnik-gotycki-ze-spinelami","status":"publish","type":"product","link":"https:\/\/koraledetale.pl\/?product=naszyjnik-gotycki-ze-spinelami","title":{"rendered":"Naszyjnik GOTYCKI ze spinelami"},"content":{"rendered":"<p style=\"text-align: left;\">119Wielko\u015b\u0107 kamieni:<\/p>\n<ul>\n<li>spinel &#8211; 3&#215;2 cm,<\/li>\n<li>hematyt &#8211; 2 mm.<\/li>\n<\/ul>\n<p>D\u0142ugo\u015b\u0107 naszyjnika: od 35 do 68 cm + zawieszka 2,3 cm.<\/p>\n","protected":false},"excerpt":{"rendered":"<p>Naszyjnik ze spinelami, z wplecionym krzy\u017cykiem i z\u0142otymi hematytami, z drugim krzy\u017cykiem w centrum. Dzi\u0119ki \u0142atwej regulacji naszyjnik mo\u017cesz nosi\u0107 jako choker, lu\u017ano zwisaj\u0105cy na dekolcie lub \u015bredniej d\u0142ugo\u015bci.<\/p>\n<p>Zawieszki wykonane s\u0105 z nieuczulaj\u0105cej stali chirurgicznej (szlachetnej).<\/p>\n<p>&nbsp;<\/p>\n","protected":false},"featured_media":3277,"comment_status":"open","ping_status":"closed","template":"","meta":{"advanced_seo_description":"","jetpack_seo_html_title":"","jetpack_seo_noindex":false},"product_brand":[],"product_cat":[229],"product_tag":[201,1090,1167,1168,39,31],"class_list":{"0":"post-3276","1":"product","2":"type-product","3":"status-publish","4":"has-post-thumbnail","6":"product_cat-sprzedane","7":"product_tag-krzyzyk","8":"product_tag-naszyjnik-z-czarnymi-kamieniami","9":"product_tag-regulowany-naszyjnik-z-krzyzykami","10":"product_tag-regulowany-naszyjnik-ze-spinelami","11":"product_tag-spinel","12":"product_tag-zloty-hematyt","14":"first","15":"outofstock","16":"shipping-taxable","17":"purchasable","18":"product-type-simple"},"jetpack_sharing_enabled":true,"_links":{"self":[{"href":"https:\/\/koraledetale.pl\/index.php?rest_route=\/wp\/v2\/product\/3276","targetHints":{"allow":["GET"]}}],"collection":[{"href":"https:\/\/koraledetale.pl\/index.php?rest_route=\/wp\/v2\/product"}],"about":[{"href":"https:\/\/koraledetale.pl\/index.php?rest_route=\/wp\/v2\/types\/product"}],"replies":[{"embeddable":true,"href":"https:\/\/koraledetale.pl\/index.php?rest_route=%2Fwp%2Fv2%2Fcomments&post=3276"}],"wp:featuredmedia":[{"embeddable":true,"href":"https:\/\/koraledetale.pl\/index.php?rest_route=\/wp\/v2\/media\/3277"}],"wp:attachment":[{"href":"https:\/\/koraledetale.pl\/index.php?rest_route=%2Fwp%2Fv2%2Fmedia&parent=3276"}],"wp:term":[{"taxonomy":"product_brand","embeddable":true,"href":"https:\/\/koraledetale.pl\/index.php?rest_route=%2Fwp%2Fv2%2Fproduct_brand&post=3276"},{"taxonomy":"product_cat","embeddable":true,"href":"https:\/\/koraledetale.pl\/index.php?rest_route=%2Fwp%2Fv2%2Fproduct_cat&post=3276"},{"taxonomy":"product_tag","embeddable":true,"href":"https:\/\/koraledetale.pl\/index.php?rest_route=%2Fwp%2Fv2%2Fproduct_tag&post=3276"}],"curies":[{"name":"wp","href":"https:\/\/api.w.org\/{rel}","templated":true}]}}