{"id":3260,"date":"2022-11-15T09:59:14","date_gmt":"2022-11-15T09:59:14","guid":{"rendered":"https:\/\/koraledetale.pl\/?post_type=product&#038;p=3260"},"modified":"2024-01-31T18:11:34","modified_gmt":"2024-01-31T18:11:34","slug":"bransoletka-carmen-z-karneolem","status":"publish","type":"product","link":"https:\/\/koraledetale.pl\/?product=bransoletka-carmen-z-karneolem","title":{"rendered":"Bransoletka CARMEN z karneolami"},"content":{"rendered":"<p>Wielko\u015b\u0107 kamieni:<\/p>\n<ul>\n<li>karneol &#8211; 4,5 i 3,5&#215;3 mm,<\/li>\n<li>hematyt \u2013 2 mm i 2\u00d71 mm.<\/li>\n<\/ul>\n<p>D\u0142ugo\u015b\u0107 bransoletki do 20 cm.<\/p>\n","protected":false},"excerpt":{"rendered":"<p>Regulowana bransoletka z fasetowanymi karneolami, przeplatanymi z\u0142otymi hematytami, z czerwon\u0105 nitk\u0105 dla ochrony i szcz\u0119\u015bcia. Dzi\u0119ki \u0142atwej regulacji bransoletk\u0119 dopasujesz do obwodu nadgarstka. Mocna ni\u0107 jubilerska zapewni jej wytrzyma\u0142o\u015b\u0107.<\/p>\n","protected":false},"featured_media":3264,"comment_status":"open","ping_status":"closed","template":"","meta":{"advanced_seo_description":"","jetpack_seo_html_title":"","jetpack_seo_noindex":false},"product_brand":[],"product_cat":[229],"product_tag":[1159,1160,1158,1157,31],"class_list":{"0":"post-3260","1":"product","2":"type-product","3":"status-publish","4":"has-post-thumbnail","6":"product_cat-sprzedane","7":"product_tag-bransoletka-z-czerwona-nitka","8":"product_tag-kerneol","9":"product_tag-regulowana-bransoletka-z-czerwonymi-kamieniami","10":"product_tag-regulowana-bransoletka-z-karneolem","11":"product_tag-zloty-hematyt","13":"first","14":"instock","15":"shipping-taxable","16":"purchasable","17":"product-type-simple"},"jetpack_sharing_enabled":true,"_links":{"self":[{"href":"https:\/\/koraledetale.pl\/index.php?rest_route=\/wp\/v2\/product\/3260","targetHints":{"allow":["GET"]}}],"collection":[{"href":"https:\/\/koraledetale.pl\/index.php?rest_route=\/wp\/v2\/product"}],"about":[{"href":"https:\/\/koraledetale.pl\/index.php?rest_route=\/wp\/v2\/types\/product"}],"replies":[{"embeddable":true,"href":"https:\/\/koraledetale.pl\/index.php?rest_route=%2Fwp%2Fv2%2Fcomments&post=3260"}],"wp:featuredmedia":[{"embeddable":true,"href":"https:\/\/koraledetale.pl\/index.php?rest_route=\/wp\/v2\/media\/3264"}],"wp:attachment":[{"href":"https:\/\/koraledetale.pl\/index.php?rest_route=%2Fwp%2Fv2%2Fmedia&parent=3260"}],"wp:term":[{"taxonomy":"product_brand","embeddable":true,"href":"https:\/\/koraledetale.pl\/index.php?rest_route=%2Fwp%2Fv2%2Fproduct_brand&post=3260"},{"taxonomy":"product_cat","embeddable":true,"href":"https:\/\/koraledetale.pl\/index.php?rest_route=%2Fwp%2Fv2%2Fproduct_cat&post=3260"},{"taxonomy":"product_tag","embeddable":true,"href":"https:\/\/koraledetale.pl\/index.php?rest_route=%2Fwp%2Fv2%2Fproduct_tag&post=3260"}],"curies":[{"name":"wp","href":"https:\/\/api.w.org\/{rel}","templated":true}]}}