{"id":3250,"date":"2022-11-13T11:12:15","date_gmt":"2022-11-13T11:12:15","guid":{"rendered":"https:\/\/koraledetale.pl\/?post_type=product&#038;p=3250"},"modified":"2022-12-23T11:44:57","modified_gmt":"2022-12-23T11:44:57","slug":"naszyjnik-kalamarnica-z-kianitem","status":"publish","type":"product","link":"https:\/\/koraledetale.pl\/?product=naszyjnik-kalamarnica-z-kianitem","title":{"rendered":"Naszyjnik KA\u0141AMARNICA z kianitem"},"content":{"rendered":"<p>Wielko\u015b\u0107 kianitu &#8211; 12x10x5 mm.<\/p>\n<p>D\u0142ugo\u015b\u0107 \u0142a\u0144cucha: 47 cm + zawieszka 3 cm.<\/p>\n","protected":false},"excerpt":{"rendered":"<p>Naszyjnik z \u0142a\u0144cuszka o du\u017cych, karbowanych oczkach, z \u0142ezk\u0105 kianitu, zawieszon\u0105 na grubym k\u00f3\u0142ku. \u0141a\u0144cuszek zapniesz na dowolnym oczku, co stwarza wiele mo\u017cliwo\u015bci jego noszenia.<\/p>\n<p>\u0141a\u0144cuszek, zapi\u0119cie i k\u00f3\u0142ko wykonane s\u0105 z nieuczulaj\u0105cej stali chirurgicznej (szlachetnej).<\/p>\n","protected":false},"featured_media":3247,"comment_status":"open","ping_status":"closed","template":"","meta":{"advanced_seo_description":"","jetpack_seo_html_title":"","jetpack_seo_noindex":false},"product_brand":[],"product_cat":[229],"product_tag":[323,279,1153],"class_list":{"0":"post-3250","1":"product","2":"type-product","3":"status-publish","4":"has-post-thumbnail","6":"product_cat-sprzedane","7":"product_tag-kianit","8":"product_tag-naszyjnik-z-kianitem","9":"product_tag-lancuszek-z-kianitem","11":"first","12":"outofstock","13":"shipping-taxable","14":"purchasable","15":"product-type-simple"},"jetpack_sharing_enabled":true,"_links":{"self":[{"href":"https:\/\/koraledetale.pl\/index.php?rest_route=\/wp\/v2\/product\/3250","targetHints":{"allow":["GET"]}}],"collection":[{"href":"https:\/\/koraledetale.pl\/index.php?rest_route=\/wp\/v2\/product"}],"about":[{"href":"https:\/\/koraledetale.pl\/index.php?rest_route=\/wp\/v2\/types\/product"}],"replies":[{"embeddable":true,"href":"https:\/\/koraledetale.pl\/index.php?rest_route=%2Fwp%2Fv2%2Fcomments&post=3250"}],"wp:featuredmedia":[{"embeddable":true,"href":"https:\/\/koraledetale.pl\/index.php?rest_route=\/wp\/v2\/media\/3247"}],"wp:attachment":[{"href":"https:\/\/koraledetale.pl\/index.php?rest_route=%2Fwp%2Fv2%2Fmedia&parent=3250"}],"wp:term":[{"taxonomy":"product_brand","embeddable":true,"href":"https:\/\/koraledetale.pl\/index.php?rest_route=%2Fwp%2Fv2%2Fproduct_brand&post=3250"},{"taxonomy":"product_cat","embeddable":true,"href":"https:\/\/koraledetale.pl\/index.php?rest_route=%2Fwp%2Fv2%2Fproduct_cat&post=3250"},{"taxonomy":"product_tag","embeddable":true,"href":"https:\/\/koraledetale.pl\/index.php?rest_route=%2Fwp%2Fv2%2Fproduct_tag&post=3250"}],"curies":[{"name":"wp","href":"https:\/\/api.w.org\/{rel}","templated":true}]}}