{"id":3207,"date":"2022-11-05T14:48:13","date_gmt":"2022-11-05T14:48:13","guid":{"rendered":"https:\/\/koraledetale.pl\/?post_type=product&#038;p=3207"},"modified":"2022-12-10T18:02:24","modified_gmt":"2022-12-10T18:02:24","slug":"bransoletka-monstera-z-malachitami-i-ametystem","status":"publish","type":"product","link":"https:\/\/koraledetale.pl\/?product=bransoletka-monstera-z-malachitami-i-ametystem","title":{"rendered":"Bransoletka MONSTERA z malachitami i ametystem"},"content":{"rendered":"<p>Wielko\u015b\u0107 kamieni:<\/p>\n<ul>\n<li>malachit &#8211; 3 mm,<\/li>\n<li>ametyst &#8211; 5 mm,<\/li>\n<li>hematyt &#8211; 4&#215;2 mm i 2 mm.<\/li>\n<\/ul>\n<p>D\u0142ugo\u015b\u0107 bransoletki: 16,2-18,8 cm.<\/p>\n","protected":false},"excerpt":{"rendered":"<p>Supe\u0142kowa bransoletka z malachitami, pojedynczym ametystem pomi\u0119dzy z\u0142otymi hematytami, zawieszk\u0105 &#8211; li\u015bciem monstery i chwo\u015bcikiem przy przed\u0142u\u017cce.<\/p>\n<p>Wszystkie elementy metalowe wykonane s\u0105 z nieuczulaj\u0105cej stali chirurgicznej (szlachetnej).<\/p>\n","protected":false},"featured_media":3208,"comment_status":"open","ping_status":"closed","template":"","meta":{"advanced_seo_description":"","jetpack_seo_html_title":"","jetpack_seo_noindex":false},"product_brand":[],"product_cat":[229],"product_tag":[38,80,1145,742,158,1146,1147],"class_list":{"0":"post-3207","1":"product","2":"type-product","3":"status-publish","4":"has-post-thumbnail","6":"product_cat-sprzedane","7":"product_tag-ametyst","8":"product_tag-bransoletka-z-kamieniami-naturalnymi","9":"product_tag-bransoletka-z-malachitami-i-ametystem","10":"product_tag-bransoletka-z-zielonymi-kamieniami","11":"product_tag-malachit","12":"product_tag-monstera","13":"product_tag-zloty-hematyt-bransolet","15":"first","16":"outofstock","17":"shipping-taxable","18":"purchasable","19":"product-type-simple"},"jetpack_sharing_enabled":true,"_links":{"self":[{"href":"https:\/\/koraledetale.pl\/index.php?rest_route=\/wp\/v2\/product\/3207","targetHints":{"allow":["GET"]}}],"collection":[{"href":"https:\/\/koraledetale.pl\/index.php?rest_route=\/wp\/v2\/product"}],"about":[{"href":"https:\/\/koraledetale.pl\/index.php?rest_route=\/wp\/v2\/types\/product"}],"replies":[{"embeddable":true,"href":"https:\/\/koraledetale.pl\/index.php?rest_route=%2Fwp%2Fv2%2Fcomments&post=3207"}],"wp:featuredmedia":[{"embeddable":true,"href":"https:\/\/koraledetale.pl\/index.php?rest_route=\/wp\/v2\/media\/3208"}],"wp:attachment":[{"href":"https:\/\/koraledetale.pl\/index.php?rest_route=%2Fwp%2Fv2%2Fmedia&parent=3207"}],"wp:term":[{"taxonomy":"product_brand","embeddable":true,"href":"https:\/\/koraledetale.pl\/index.php?rest_route=%2Fwp%2Fv2%2Fproduct_brand&post=3207"},{"taxonomy":"product_cat","embeddable":true,"href":"https:\/\/koraledetale.pl\/index.php?rest_route=%2Fwp%2Fv2%2Fproduct_cat&post=3207"},{"taxonomy":"product_tag","embeddable":true,"href":"https:\/\/koraledetale.pl\/index.php?rest_route=%2Fwp%2Fv2%2Fproduct_tag&post=3207"}],"curies":[{"name":"wp","href":"https:\/\/api.w.org\/{rel}","templated":true}]}}