{"id":3172,"date":"2022-10-31T10:44:24","date_gmt":"2022-10-31T10:44:24","guid":{"rendered":"https:\/\/koraledetale.pl\/?post_type=product&#038;p=3172"},"modified":"2022-12-17T20:32:11","modified_gmt":"2022-12-17T20:32:11","slug":"naszyjnik-mozliwosci-z-chryzkola","status":"publish","type":"product","link":"https:\/\/koraledetale.pl\/?product=naszyjnik-mozliwosci-z-chryzkola","title":{"rendered":"Naszyjnik MO\u017bLIWO\u015aCI z chryzkol\u0105"},"content":{"rendered":"<p>Wielko\u015b\u0107 kamieni:<\/p>\n<ul>\n<li>chryzokola \u2013 3,5 mm,<\/li>\n<li>hematyt \u2013 2 mm.<\/li>\n<\/ul>\n<p>\u015arednica zapi\u0119cia \u2013 1,2 mm.<\/p>\n<p>D\u0142ugo\u015b\u0107 naszyjnika \u2013 45 cm.<\/p>\n","protected":false},"excerpt":{"rendered":"<p>Naszyjnik z kolorowej chryzokoli przeplatanej z\u0142otymi hematytami, zasupe\u0142kowanej na turkusowej, mocnej nici jubilerskiej. Ozdobne zapi\u0119cie (wykonane z nieuczulaj\u0105cej stali chirurgicznej) mo\u017cna nosi\u0107 w centrum, po boku lub z ty\u0142u naszyjnika.<\/p>\n<p>Do naszyjnika mo\u017cna dobra\u0107 zawieszk\u0119 lub kilka zawieszek, kt\u00f3re wpina si\u0119 pomi\u0119dzy kamienie.<\/p>\n<p>Wszystkie elementy metalowe wykonane s\u0105 z nieuczulaj\u0105cej stali chirurgicznej (szlachetnej).<\/p>\n","protected":false},"featured_media":3183,"comment_status":"open","ping_status":"closed","template":"","meta":{"advanced_seo_description":"","jetpack_seo_html_title":"","jetpack_seo_noindex":false},"product_brand":[],"product_cat":[229],"product_tag":[120,801,486,31],"class_list":{"0":"post-3172","1":"product","2":"type-product","3":"status-publish","4":"has-post-thumbnail","6":"product_cat-sprzedane","7":"product_tag-chryzokola","8":"product_tag-naszyjnik-z-chryzokola","9":"product_tag-naszyjnik-z-niebieskimi-kamieniami","10":"product_tag-zloty-hematyt","12":"first","13":"outofstock","14":"shipping-taxable","15":"purchasable","16":"product-type-simple"},"jetpack_sharing_enabled":true,"_links":{"self":[{"href":"https:\/\/koraledetale.pl\/index.php?rest_route=\/wp\/v2\/product\/3172","targetHints":{"allow":["GET"]}}],"collection":[{"href":"https:\/\/koraledetale.pl\/index.php?rest_route=\/wp\/v2\/product"}],"about":[{"href":"https:\/\/koraledetale.pl\/index.php?rest_route=\/wp\/v2\/types\/product"}],"replies":[{"embeddable":true,"href":"https:\/\/koraledetale.pl\/index.php?rest_route=%2Fwp%2Fv2%2Fcomments&post=3172"}],"wp:featuredmedia":[{"embeddable":true,"href":"https:\/\/koraledetale.pl\/index.php?rest_route=\/wp\/v2\/media\/3183"}],"wp:attachment":[{"href":"https:\/\/koraledetale.pl\/index.php?rest_route=%2Fwp%2Fv2%2Fmedia&parent=3172"}],"wp:term":[{"taxonomy":"product_brand","embeddable":true,"href":"https:\/\/koraledetale.pl\/index.php?rest_route=%2Fwp%2Fv2%2Fproduct_brand&post=3172"},{"taxonomy":"product_cat","embeddable":true,"href":"https:\/\/koraledetale.pl\/index.php?rest_route=%2Fwp%2Fv2%2Fproduct_cat&post=3172"},{"taxonomy":"product_tag","embeddable":true,"href":"https:\/\/koraledetale.pl\/index.php?rest_route=%2Fwp%2Fv2%2Fproduct_tag&post=3172"}],"curies":[{"name":"wp","href":"https:\/\/api.w.org\/{rel}","templated":true}]}}