{"id":3170,"date":"2022-10-29T13:53:36","date_gmt":"2022-10-29T13:53:36","guid":{"rendered":"https:\/\/koraledetale.pl\/?post_type=product&#038;p=3170"},"modified":"2023-11-20T11:46:58","modified_gmt":"2023-11-20T11:46:58","slug":"3170","status":"publish","type":"product","link":"https:\/\/koraledetale.pl\/?product=3170","title":{"rendered":"Zawieszka z r\u00f3\u017cowym kwarcem"},"content":{"rendered":"<p>Wielko\u015b\u0107 kwarcu: 12 x10x6 mm.<\/p>\n<p>D\u0142ugo\u015b\u0107 zawieszki (z zapi\u0119ciem) \u2013 2,4 cm.<\/p>\n","protected":false},"excerpt":{"rendered":"<p>Zawieszka z zapi\u0119ciem, z g\u0142adk\u0105 \u0142ezk\u0105 r\u00f3\u017cowego kwarcu.<\/p>\n","protected":false},"featured_media":3167,"comment_status":"open","ping_status":"closed","template":"","meta":{"advanced_seo_description":"","jetpack_seo_html_title":"","jetpack_seo_noindex":false},"product_brand":[],"product_cat":[1060],"product_tag":[216,1138,1066],"class_list":{"0":"post-3170","1":"product","2":"type-product","3":"status-publish","4":"has-post-thumbnail","6":"product_cat-zawieszki","7":"product_tag-kwarc-rozowy","8":"product_tag-zawieszka-z-rozowym-kwarcem","9":"product_tag-zawieszka-z-zapieciem","11":"first","12":"instock","13":"shipping-taxable","14":"purchasable","15":"product-type-simple"},"jetpack_sharing_enabled":true,"_links":{"self":[{"href":"https:\/\/koraledetale.pl\/index.php?rest_route=\/wp\/v2\/product\/3170","targetHints":{"allow":["GET"]}}],"collection":[{"href":"https:\/\/koraledetale.pl\/index.php?rest_route=\/wp\/v2\/product"}],"about":[{"href":"https:\/\/koraledetale.pl\/index.php?rest_route=\/wp\/v2\/types\/product"}],"replies":[{"embeddable":true,"href":"https:\/\/koraledetale.pl\/index.php?rest_route=%2Fwp%2Fv2%2Fcomments&post=3170"}],"wp:featuredmedia":[{"embeddable":true,"href":"https:\/\/koraledetale.pl\/index.php?rest_route=\/wp\/v2\/media\/3167"}],"wp:attachment":[{"href":"https:\/\/koraledetale.pl\/index.php?rest_route=%2Fwp%2Fv2%2Fmedia&parent=3170"}],"wp:term":[{"taxonomy":"product_brand","embeddable":true,"href":"https:\/\/koraledetale.pl\/index.php?rest_route=%2Fwp%2Fv2%2Fproduct_brand&post=3170"},{"taxonomy":"product_cat","embeddable":true,"href":"https:\/\/koraledetale.pl\/index.php?rest_route=%2Fwp%2Fv2%2Fproduct_cat&post=3170"},{"taxonomy":"product_tag","embeddable":true,"href":"https:\/\/koraledetale.pl\/index.php?rest_route=%2Fwp%2Fv2%2Fproduct_tag&post=3170"}],"curies":[{"name":"wp","href":"https:\/\/api.w.org\/{rel}","templated":true}]}}