{"id":3166,"date":"2022-10-29T13:48:45","date_gmt":"2022-10-29T13:48:45","guid":{"rendered":"https:\/\/koraledetale.pl\/?post_type=product&#038;p=3166"},"modified":"2024-04-07T11:00:25","modified_gmt":"2024-04-07T11:00:25","slug":"zawieszka-z-krysztalem-gorskim-ii","status":"publish","type":"product","link":"https:\/\/koraledetale.pl\/?product=zawieszka-z-krysztalem-gorskim-ii","title":{"rendered":"Zawieszka z kryszta\u0142em g\u00f3rskim II"},"content":{"rendered":"<p>Wielko\u015b\u0107 kryszta\u0142u: 14 x13x4 mm.<\/p>\n<p>D\u0142ugo\u015b\u0107 zawieszki (z zapi\u0119ciem) \u2013 2,8 cm.<\/p>\n","protected":false},"excerpt":{"rendered":"<p>Zawieszka z zapi\u0119ciem, z g\u0142adk\u0105 \u0142ezk\u0105 kryszta\u0142u g\u00f3rskiego.<\/p>\n","protected":false},"featured_media":3169,"comment_status":"open","ping_status":"closed","template":"","meta":{"advanced_seo_description":"","jetpack_seo_html_title":"","jetpack_seo_noindex":false},"product_brand":[],"product_cat":[1060],"product_tag":[702,1137,1066],"class_list":{"0":"post-3166","1":"product","2":"type-product","3":"status-publish","4":"has-post-thumbnail","6":"product_cat-zawieszki","7":"product_tag-krysztal-gorski","8":"product_tag-zawieszka-z-krysztalem-gorskim","9":"product_tag-zawieszka-z-zapieciem","11":"first","12":"outofstock","13":"shipping-taxable","14":"purchasable","15":"product-type-simple"},"jetpack_sharing_enabled":true,"_links":{"self":[{"href":"https:\/\/koraledetale.pl\/index.php?rest_route=\/wp\/v2\/product\/3166","targetHints":{"allow":["GET"]}}],"collection":[{"href":"https:\/\/koraledetale.pl\/index.php?rest_route=\/wp\/v2\/product"}],"about":[{"href":"https:\/\/koraledetale.pl\/index.php?rest_route=\/wp\/v2\/types\/product"}],"replies":[{"embeddable":true,"href":"https:\/\/koraledetale.pl\/index.php?rest_route=%2Fwp%2Fv2%2Fcomments&post=3166"}],"wp:featuredmedia":[{"embeddable":true,"href":"https:\/\/koraledetale.pl\/index.php?rest_route=\/wp\/v2\/media\/3169"}],"wp:attachment":[{"href":"https:\/\/koraledetale.pl\/index.php?rest_route=%2Fwp%2Fv2%2Fmedia&parent=3166"}],"wp:term":[{"taxonomy":"product_brand","embeddable":true,"href":"https:\/\/koraledetale.pl\/index.php?rest_route=%2Fwp%2Fv2%2Fproduct_brand&post=3166"},{"taxonomy":"product_cat","embeddable":true,"href":"https:\/\/koraledetale.pl\/index.php?rest_route=%2Fwp%2Fv2%2Fproduct_cat&post=3166"},{"taxonomy":"product_tag","embeddable":true,"href":"https:\/\/koraledetale.pl\/index.php?rest_route=%2Fwp%2Fv2%2Fproduct_tag&post=3166"}],"curies":[{"name":"wp","href":"https:\/\/api.w.org\/{rel}","templated":true}]}}