{"id":3154,"date":"2022-10-27T15:16:55","date_gmt":"2022-10-27T15:16:55","guid":{"rendered":"https:\/\/koraledetale.pl\/?post_type=product&#038;p=3154"},"modified":"2022-12-06T13:16:22","modified_gmt":"2022-12-06T13:16:22","slug":"naszyjnik-szmaragdowa-luna-ii","status":"publish","type":"product","link":"https:\/\/koraledetale.pl\/?product=naszyjnik-szmaragdowa-luna-ii","title":{"rendered":"Naszyjnik SZMARAGDOWA LUNA II"},"content":{"rendered":"<p>Wielko\u015b\u0107 kamieni:<\/p>\n<ul>\n<li>szmaragd \u2013 3,5 mm,<\/li>\n<li>hematyt \u2013 3\u00d71 mm, 2 mm.<\/li>\n<\/ul>\n<p>D\u0142ugo\u015b\u0107 naszyjnika \u2013 \u0142a\u0144cuszka 45 cm, \u0142a\u0144cuszka ze sznurem kamieni 48 cm + zawieszka 2,5 cm. Naszyjnik przy zapi\u0119ciu ma przed\u0142u\u017ck\u0119 umo\u017cliwiaj\u0105c\u0105 wyd\u0142u\u017cenie naszyjnika jeszcze o 5 cm.<\/p>\n<p>Na zdj\u0119ciu naszyjnik zapi\u0119ty jest na minimalnym obwodzie.<\/p>\n","protected":false},"excerpt":{"rendered":"<p>Warstwowy naszyjnik ze sznurem cieniowanych szmaragd\u00f3w przeplatanych z\u0142otymi hematytami, wplecionym w \u0142a\u0144cuszek.\u00a0 Zwie\u0144czeniem naszyjnika jest du\u017ca, a\u017curowa luna.<\/p>\n<p>Wszystkie elementy metalowe wykonane s\u0105 z nieuczulaj\u0105cej stali chirurgicznej (szlachetnej).<\/p>\n","protected":false},"featured_media":3156,"comment_status":"open","ping_status":"closed","template":"","meta":{"advanced_seo_description":"","jetpack_seo_html_title":"","jetpack_seo_noindex":false},"product_brand":[],"product_cat":[229],"product_tag":[687,757,1132,143,1133,31,1134],"class_list":{"0":"post-3154","1":"product","2":"type-product","3":"status-publish","4":"has-post-thumbnail","6":"product_cat-sprzedane","7":"product_tag-luna","8":"product_tag-lunula","9":"product_tag-naszyjnik-ze-szmaragdami-i-luna","10":"product_tag-szmaragd","11":"product_tag-warstwowy-lancuszek-ze-szmarandaimi","12":"product_tag-zloty-hematyt","13":"product_tag-lancuszek-z-zawieszka","15":"first","16":"outofstock","17":"shipping-taxable","18":"purchasable","19":"product-type-simple"},"jetpack_sharing_enabled":true,"_links":{"self":[{"href":"https:\/\/koraledetale.pl\/index.php?rest_route=\/wp\/v2\/product\/3154","targetHints":{"allow":["GET"]}}],"collection":[{"href":"https:\/\/koraledetale.pl\/index.php?rest_route=\/wp\/v2\/product"}],"about":[{"href":"https:\/\/koraledetale.pl\/index.php?rest_route=\/wp\/v2\/types\/product"}],"replies":[{"embeddable":true,"href":"https:\/\/koraledetale.pl\/index.php?rest_route=%2Fwp%2Fv2%2Fcomments&post=3154"}],"wp:featuredmedia":[{"embeddable":true,"href":"https:\/\/koraledetale.pl\/index.php?rest_route=\/wp\/v2\/media\/3156"}],"wp:attachment":[{"href":"https:\/\/koraledetale.pl\/index.php?rest_route=%2Fwp%2Fv2%2Fmedia&parent=3154"}],"wp:term":[{"taxonomy":"product_brand","embeddable":true,"href":"https:\/\/koraledetale.pl\/index.php?rest_route=%2Fwp%2Fv2%2Fproduct_brand&post=3154"},{"taxonomy":"product_cat","embeddable":true,"href":"https:\/\/koraledetale.pl\/index.php?rest_route=%2Fwp%2Fv2%2Fproduct_cat&post=3154"},{"taxonomy":"product_tag","embeddable":true,"href":"https:\/\/koraledetale.pl\/index.php?rest_route=%2Fwp%2Fv2%2Fproduct_tag&post=3154"}],"curies":[{"name":"wp","href":"https:\/\/api.w.org\/{rel}","templated":true}]}}