{"id":3144,"date":"2022-10-25T13:43:29","date_gmt":"2022-10-25T13:43:29","guid":{"rendered":"https:\/\/koraledetale.pl\/?post_type=product&#038;p=3144"},"modified":"2022-12-10T13:45:48","modified_gmt":"2022-12-10T13:45:48","slug":"bransoletka-zacmienie-z-pirytami","status":"publish","type":"product","link":"https:\/\/koraledetale.pl\/?product=bransoletka-zacmienie-z-pirytami","title":{"rendered":"Bransoletka ZA\u0106MIENIE z pirytami"},"content":{"rendered":"<p>Wielko\u015b\u0107 kamieni:<\/p>\n<ul>\n<li>piryt &#8211; 3 mm,<\/li>\n<li>hematyt &#8211; 3&#215;2 mm i 5&#215;2 mm.<\/li>\n<\/ul>\n<p>D\u0142ugo\u015b\u0107 bransoletki: 16-19 cm.<\/p>\n","protected":false},"excerpt":{"rendered":"<p>Bransoletka z z zawieszk\u0105 &#8211; lun\u0105 i z pirytami zasupe\u0142kowanymi, wraz ze z\u0142otymi hematytami, na \u017c\u00f3\u0142tej, mocnej nici jubilerskiej. Bransoletka posiada regulacj\u0119 d\u0142ugo\u015bci &#8211; na ko\u0144cu przed\u0142u\u017cki jest jedwabny \u017c\u00f3\u0142ty chwo\u015bcik.<\/p>\n<p>Zawieszka jest jednostronnie m\u0142otkowana, druga strona g\u0142adka.<\/p>\n<p>Wszystkie elementy metalowe wykonane s\u0105 z nieuczulaj\u0105cej stali chirurgicznej (szlachetnej).<\/p>\n","protected":false},"featured_media":3145,"comment_status":"open","ping_status":"closed","template":"","meta":{"advanced_seo_description":"","jetpack_seo_html_title":"","jetpack_seo_noindex":false},"product_brand":[],"product_cat":[229],"product_tag":[80,1131,1130,65,687,156,72],"class_list":{"0":"post-3144","1":"product","2":"type-product","3":"status-publish","4":"has-post-thumbnail","6":"product_cat-sprzedane","7":"product_tag-bransoletka-z-kamieniami-naturalnymi","8":"product_tag-bransoletka-z-luna","9":"product_tag-bransoletka-z-pirytami","10":"product_tag-chwost","11":"product_tag-luna","12":"product_tag-piryt","13":"product_tag-zawieszka","15":"first","16":"outofstock","17":"shipping-taxable","18":"purchasable","19":"product-type-simple"},"jetpack_sharing_enabled":true,"_links":{"self":[{"href":"https:\/\/koraledetale.pl\/index.php?rest_route=\/wp\/v2\/product\/3144","targetHints":{"allow":["GET"]}}],"collection":[{"href":"https:\/\/koraledetale.pl\/index.php?rest_route=\/wp\/v2\/product"}],"about":[{"href":"https:\/\/koraledetale.pl\/index.php?rest_route=\/wp\/v2\/types\/product"}],"replies":[{"embeddable":true,"href":"https:\/\/koraledetale.pl\/index.php?rest_route=%2Fwp%2Fv2%2Fcomments&post=3144"}],"wp:featuredmedia":[{"embeddable":true,"href":"https:\/\/koraledetale.pl\/index.php?rest_route=\/wp\/v2\/media\/3145"}],"wp:attachment":[{"href":"https:\/\/koraledetale.pl\/index.php?rest_route=%2Fwp%2Fv2%2Fmedia&parent=3144"}],"wp:term":[{"taxonomy":"product_brand","embeddable":true,"href":"https:\/\/koraledetale.pl\/index.php?rest_route=%2Fwp%2Fv2%2Fproduct_brand&post=3144"},{"taxonomy":"product_cat","embeddable":true,"href":"https:\/\/koraledetale.pl\/index.php?rest_route=%2Fwp%2Fv2%2Fproduct_cat&post=3144"},{"taxonomy":"product_tag","embeddable":true,"href":"https:\/\/koraledetale.pl\/index.php?rest_route=%2Fwp%2Fv2%2Fproduct_tag&post=3144"}],"curies":[{"name":"wp","href":"https:\/\/api.w.org\/{rel}","templated":true}]}}