{"id":3142,"date":"2022-10-24T10:12:44","date_gmt":"2022-10-24T10:12:44","guid":{"rendered":"https:\/\/koraledetale.pl\/?post_type=product&#038;p=3142"},"modified":"2026-01-12T11:37:57","modified_gmt":"2026-01-12T11:37:57","slug":"zawieszka-z-blekitnym-chalcedonem","status":"publish","type":"product","link":"https:\/\/koraledetale.pl\/?product=zawieszka-z-blekitnym-chalcedonem","title":{"rendered":"Zawieszka z b\u0142\u0119kitnym chalcedonem"},"content":{"rendered":"<p>Wielko\u015b\u0107 chalcedonu: 10 x 7 mm.<\/p>\n<p>D\u0142ugo\u015b\u0107 zawieszki (z zapi\u0119ciem) \u2013 2,2 cm.<\/p>\n","protected":false},"excerpt":{"rendered":"<p>Zawieszka z zapi\u0119ciem, z kropl\u0105 b\u0142\u0119kitnego chalcedonu.<\/p>\n","protected":false},"featured_media":3141,"comment_status":"open","ping_status":"closed","template":"","meta":{"advanced_seo_description":"","jetpack_seo_html_title":"","jetpack_seo_noindex":false},"product_brand":[],"product_cat":[229],"product_tag":[561,439,1128,1066],"class_list":{"0":"post-3142","1":"product","2":"type-product","3":"status-publish","4":"has-post-thumbnail","6":"product_cat-sprzedane","7":"product_tag-blekitny","8":"product_tag-chalcedon","9":"product_tag-zawieszka-z-blekitnym-chalcedonem","10":"product_tag-zawieszka-z-zapieciem","12":"first","13":"outofstock","14":"shipping-taxable","15":"purchasable","16":"product-type-simple"},"jetpack_sharing_enabled":true,"_links":{"self":[{"href":"https:\/\/koraledetale.pl\/index.php?rest_route=\/wp\/v2\/product\/3142","targetHints":{"allow":["GET"]}}],"collection":[{"href":"https:\/\/koraledetale.pl\/index.php?rest_route=\/wp\/v2\/product"}],"about":[{"href":"https:\/\/koraledetale.pl\/index.php?rest_route=\/wp\/v2\/types\/product"}],"replies":[{"embeddable":true,"href":"https:\/\/koraledetale.pl\/index.php?rest_route=%2Fwp%2Fv2%2Fcomments&post=3142"}],"wp:featuredmedia":[{"embeddable":true,"href":"https:\/\/koraledetale.pl\/index.php?rest_route=\/wp\/v2\/media\/3141"}],"wp:attachment":[{"href":"https:\/\/koraledetale.pl\/index.php?rest_route=%2Fwp%2Fv2%2Fmedia&parent=3142"}],"wp:term":[{"taxonomy":"product_brand","embeddable":true,"href":"https:\/\/koraledetale.pl\/index.php?rest_route=%2Fwp%2Fv2%2Fproduct_brand&post=3142"},{"taxonomy":"product_cat","embeddable":true,"href":"https:\/\/koraledetale.pl\/index.php?rest_route=%2Fwp%2Fv2%2Fproduct_cat&post=3142"},{"taxonomy":"product_tag","embeddable":true,"href":"https:\/\/koraledetale.pl\/index.php?rest_route=%2Fwp%2Fv2%2Fproduct_tag&post=3142"}],"curies":[{"name":"wp","href":"https:\/\/api.w.org\/{rel}","templated":true}]}}