{"id":3128,"date":"2022-10-20T14:36:06","date_gmt":"2022-10-20T14:36:06","guid":{"rendered":"https:\/\/koraledetale.pl\/?post_type=product&#038;p=3128"},"modified":"2023-05-22T09:00:28","modified_gmt":"2023-05-22T09:00:28","slug":"kolczyki-zimowe-z-akwamarynami","status":"publish","type":"product","link":"https:\/\/koraledetale.pl\/?product=kolczyki-zimowe-z-akwamarynami","title":{"rendered":"Kolczyki ZIMOWE z akwamarynami"},"content":{"rendered":"<p>Wielko\u015b\u0107 akwamaryn\u00f3w &#8211; 11&#215;6,5&#215;4,5 mm.<\/p>\n<p>D\u0142ugo\u015b\u0107 kolczyk\u00f3w &#8211; 2,3 cm.<\/p>\n","protected":false},"excerpt":{"rendered":"<p>Minimalistyczne kolczyki na sztyftach z nieuczulaj\u0105cej stali chirurgicznej (szlachetnej) z \u0142ezkami akwamarynu.<\/p>\n<p>&nbsp;<\/p>\n","protected":false},"featured_media":3444,"comment_status":"open","ping_status":"closed","template":"","meta":{"advanced_seo_description":"","jetpack_seo_html_title":"","jetpack_seo_noindex":false},"product_brand":[],"product_cat":[229],"product_tag":[1120,1121,107,108,417],"class_list":{"0":"post-3128","1":"product","2":"type-product","3":"status-publish","4":"has-post-thumbnail","6":"product_cat-sprzedane","7":"product_tag-kolczyki-z-akwamarynami","8":"product_tag-kolczyki-z-lezka-akwamarynu","9":"product_tag-kolczyki-ze-stali-chirurgicznej","10":"product_tag-kolczyki-ze-stali-szlachetnej","11":"product_tag-krotkie-kolczyki-na-sztyftach","13":"first","14":"outofstock","15":"shipping-taxable","16":"purchasable","17":"product-type-simple"},"jetpack_sharing_enabled":true,"_links":{"self":[{"href":"https:\/\/koraledetale.pl\/index.php?rest_route=\/wp\/v2\/product\/3128","targetHints":{"allow":["GET"]}}],"collection":[{"href":"https:\/\/koraledetale.pl\/index.php?rest_route=\/wp\/v2\/product"}],"about":[{"href":"https:\/\/koraledetale.pl\/index.php?rest_route=\/wp\/v2\/types\/product"}],"replies":[{"embeddable":true,"href":"https:\/\/koraledetale.pl\/index.php?rest_route=%2Fwp%2Fv2%2Fcomments&post=3128"}],"wp:featuredmedia":[{"embeddable":true,"href":"https:\/\/koraledetale.pl\/index.php?rest_route=\/wp\/v2\/media\/3444"}],"wp:attachment":[{"href":"https:\/\/koraledetale.pl\/index.php?rest_route=%2Fwp%2Fv2%2Fmedia&parent=3128"}],"wp:term":[{"taxonomy":"product_brand","embeddable":true,"href":"https:\/\/koraledetale.pl\/index.php?rest_route=%2Fwp%2Fv2%2Fproduct_brand&post=3128"},{"taxonomy":"product_cat","embeddable":true,"href":"https:\/\/koraledetale.pl\/index.php?rest_route=%2Fwp%2Fv2%2Fproduct_cat&post=3128"},{"taxonomy":"product_tag","embeddable":true,"href":"https:\/\/koraledetale.pl\/index.php?rest_route=%2Fwp%2Fv2%2Fproduct_tag&post=3128"}],"curies":[{"name":"wp","href":"https:\/\/api.w.org\/{rel}","templated":true}]}}