{"id":3123,"date":"2022-10-20T14:24:58","date_gmt":"2022-10-20T14:24:58","guid":{"rendered":"https:\/\/koraledetale.pl\/?post_type=product&#038;p=3123"},"modified":"2022-12-06T13:16:36","modified_gmt":"2022-12-06T13:16:36","slug":"kolczyki-taipei-z-jaspisem-i-opalem","status":"publish","type":"product","link":"https:\/\/koraledetale.pl\/?product=kolczyki-taipei-z-jaspisem-i-opalem","title":{"rendered":"Kolczyki TAIPEI z jaspisem i opalem"},"content":{"rendered":"<p>Wielko\u015b\u0107 kamieni:<\/p>\n<ul>\n<li>jaspis &#8211; 13&#215;4 mm,<\/li>\n<li>opak &#8211; 6&#215;4 mm,<\/li>\n<li>hematyt &#8211; 4&#215;2 mm i 3&#215;1 mm.<\/li>\n<\/ul>\n<p>D\u0142ugo\u015b\u0107 kolczyk\u00f3w &#8211; 4,8 cm.<\/p>\n","protected":false},"excerpt":{"rendered":"<p>Kolczyki z wa\u0142eczkiem jaspisu i oponk\u0105 r\u00f3\u017cowego opalu oraz z\u0142otymi hematytami, zawieszonymi na czerwonej nitce.<\/p>\n<p>Bigle wykonane s\u0105 z nieuczulaj\u0105cej stali chirurgicznej (szlachetnej).<\/p>\n","protected":false},"featured_media":3127,"comment_status":"open","ping_status":"closed","template":"","meta":{"advanced_seo_description":"","jetpack_seo_html_title":"","jetpack_seo_noindex":false},"product_brand":[],"product_cat":[229],"product_tag":[65,606,724,622,1119,426,466],"class_list":{"0":"post-3123","1":"product","2":"type-product","3":"status-publish","4":"has-post-thumbnail","6":"product_cat-sprzedane","7":"product_tag-chwost","8":"product_tag-czerwona-nitka","9":"product_tag-jaspis","10":"product_tag-kolczyki-w-stylu-boho","11":"product_tag-kolczyki-z-jaspisami-opalami","12":"product_tag-kolczyki-z-naturalnymi-kamieniami","13":"product_tag-rozowy-opal","15":"first","16":"outofstock","17":"shipping-taxable","18":"purchasable","19":"product-type-simple"},"jetpack_sharing_enabled":true,"_links":{"self":[{"href":"https:\/\/koraledetale.pl\/index.php?rest_route=\/wp\/v2\/product\/3123","targetHints":{"allow":["GET"]}}],"collection":[{"href":"https:\/\/koraledetale.pl\/index.php?rest_route=\/wp\/v2\/product"}],"about":[{"href":"https:\/\/koraledetale.pl\/index.php?rest_route=\/wp\/v2\/types\/product"}],"replies":[{"embeddable":true,"href":"https:\/\/koraledetale.pl\/index.php?rest_route=%2Fwp%2Fv2%2Fcomments&post=3123"}],"wp:featuredmedia":[{"embeddable":true,"href":"https:\/\/koraledetale.pl\/index.php?rest_route=\/wp\/v2\/media\/3127"}],"wp:attachment":[{"href":"https:\/\/koraledetale.pl\/index.php?rest_route=%2Fwp%2Fv2%2Fmedia&parent=3123"}],"wp:term":[{"taxonomy":"product_brand","embeddable":true,"href":"https:\/\/koraledetale.pl\/index.php?rest_route=%2Fwp%2Fv2%2Fproduct_brand&post=3123"},{"taxonomy":"product_cat","embeddable":true,"href":"https:\/\/koraledetale.pl\/index.php?rest_route=%2Fwp%2Fv2%2Fproduct_cat&post=3123"},{"taxonomy":"product_tag","embeddable":true,"href":"https:\/\/koraledetale.pl\/index.php?rest_route=%2Fwp%2Fv2%2Fproduct_tag&post=3123"}],"curies":[{"name":"wp","href":"https:\/\/api.w.org\/{rel}","templated":true}]}}