{"id":3120,"date":"2022-10-19T09:08:35","date_gmt":"2022-10-19T09:08:35","guid":{"rendered":"https:\/\/koraledetale.pl\/?post_type=product&#038;p=3120"},"modified":"2022-12-10T13:46:26","modified_gmt":"2022-12-10T13:46:26","slug":"naszyjnik-szeherezada-z-akwamarynem-szafirem-i-i-lapis-lazuri","status":"publish","type":"product","link":"https:\/\/koraledetale.pl\/?product=naszyjnik-szeherezada-z-akwamarynem-szafirem-i-i-lapis-lazuri","title":{"rendered":"Naszyjnik SZEHEREZADA z akwamarynem szafirem i i lapis lazuri"},"content":{"rendered":"<p>Wielko\u015b\u0107 kamieni:<\/p>\n<ul>\n<li>akwamaryn &#8211; 3,5 mm,<\/li>\n<li>lapis lazuri &#8211; 3,5 cm,<\/li>\n<li>hematyt &#8211; 2 mm.<\/li>\n<\/ul>\n<p>D\u0142ugo\u015b\u0107 naszyjnika od 43 do 88 cm + zawieszka 2 cm.<\/p>\n","protected":false},"excerpt":{"rendered":"<p>Naszyjnik z akwamaryn\u00f3w, z wplecionymi lapis lazuri i z\u0142otymi hematytami, zasupe\u0142kowanymi na mocnej, kobaltowej nici jubilerskiej. Zwie\u0144czeniem naszyjnika jest zawieszka &#8211; luna z \u0142ezk\u0105 szafiru.<\/p>\n<p>Wszystkie elementy metalowe wykonane s\u0105 z nieuczulaj\u0105cej stali chirurgicznej (szlachetnej).<\/p>\n","protected":false},"featured_media":3118,"comment_status":"open","ping_status":"closed","template":"","meta":{"advanced_seo_description":"","jetpack_seo_html_title":"","jetpack_seo_noindex":false},"product_brand":[],"product_cat":[229],"product_tag":[1118,284,1117,1112,25,31],"class_list":{"0":"post-3120","1":"product","2":"type-product","3":"status-publish","4":"has-post-thumbnail","6":"product_cat-sprzedane","7":"product_tag-luna-akwamaryn","8":"product_tag-naszyjnik-z-akwamarynami-i-lapis-lazuri","9":"product_tag-naszyjnik-z-akwamarynami-i-szafirem","10":"product_tag-naszyjnik-z-luna","11":"product_tag-szafir","12":"product_tag-zloty-hematyt","14":"first","15":"outofstock","16":"shipping-taxable","17":"purchasable","18":"product-type-simple"},"jetpack_sharing_enabled":true,"_links":{"self":[{"href":"https:\/\/koraledetale.pl\/index.php?rest_route=\/wp\/v2\/product\/3120","targetHints":{"allow":["GET"]}}],"collection":[{"href":"https:\/\/koraledetale.pl\/index.php?rest_route=\/wp\/v2\/product"}],"about":[{"href":"https:\/\/koraledetale.pl\/index.php?rest_route=\/wp\/v2\/types\/product"}],"replies":[{"embeddable":true,"href":"https:\/\/koraledetale.pl\/index.php?rest_route=%2Fwp%2Fv2%2Fcomments&post=3120"}],"wp:featuredmedia":[{"embeddable":true,"href":"https:\/\/koraledetale.pl\/index.php?rest_route=\/wp\/v2\/media\/3118"}],"wp:attachment":[{"href":"https:\/\/koraledetale.pl\/index.php?rest_route=%2Fwp%2Fv2%2Fmedia&parent=3120"}],"wp:term":[{"taxonomy":"product_brand","embeddable":true,"href":"https:\/\/koraledetale.pl\/index.php?rest_route=%2Fwp%2Fv2%2Fproduct_brand&post=3120"},{"taxonomy":"product_cat","embeddable":true,"href":"https:\/\/koraledetale.pl\/index.php?rest_route=%2Fwp%2Fv2%2Fproduct_cat&post=3120"},{"taxonomy":"product_tag","embeddable":true,"href":"https:\/\/koraledetale.pl\/index.php?rest_route=%2Fwp%2Fv2%2Fproduct_tag&post=3120"}],"curies":[{"name":"wp","href":"https:\/\/api.w.org\/{rel}","templated":true}]}}