{"id":3102,"date":"2022-10-17T07:21:06","date_gmt":"2022-10-17T07:21:06","guid":{"rendered":"https:\/\/koraledetale.pl\/?post_type=product&#038;p=3102"},"modified":"2022-12-06T13:17:13","modified_gmt":"2022-12-06T13:17:13","slug":"naszyjnik-gwiazdzista-noc-z-labradorytami","status":"publish","type":"product","link":"https:\/\/koraledetale.pl\/?product=naszyjnik-gwiazdzista-noc-z-labradorytami","title":{"rendered":"Naszyjnik GWIA\u0179DZISTA NOC z labradorytami"},"content":{"rendered":"<p>Wielko\u015b\u0107 kamieni:<\/p>\n<ul>\n<li>labradoryt &#8211; ok. 4,5&#215;3 mm i 3 mm (przy przed\u0142u\u017cce),<\/li>\n<li>hematyt &#8211; 3&#215;1 mm i 2 mm.<\/li>\n<\/ul>\n<p>D\u0142ugo\u015b\u0107 naszyjnika: kr\u00f3tsza cz\u0119\u015b\u0107 z \u0142a\u0144cuszkiem &#8211; 40 cm, d\u0142u\u017csza z labradorytami &#8211; 50 cm + zawieszka &#8211; 2,6 cm.<\/p>\n<p>Na zdj\u0119ciu naszyjnik zapi\u0119ty jest najni\u017cej.<\/p>\n","protected":false},"excerpt":{"rendered":"<p>Warstwowy naszyjnik z \u0142a\u0144cuszka z kuleczkami i zawieszk\u0105 &#8211; lunul\u0105 oraz sznurem ciosanych labradoryt\u00f3w (wysokiej klasy jubilerskiej), przeplatanych z\u0142otymi hematytami, z zawieszk\u0105 &#8211; gwiazd\u0105.<\/p>\n<p>Wszystkie elementy metalowe wykonane s\u0105 z nieuczulaj\u0105cej stali chirurgicznej (szlachetnej).<\/p>\n","protected":false},"featured_media":3104,"comment_status":"open","ping_status":"closed","template":"","meta":{"advanced_seo_description":"","jetpack_seo_html_title":"","jetpack_seo_noindex":false},"product_brand":[],"product_cat":[229],"product_tag":[56,687,757,1113,1112,1111,31,142],"class_list":{"0":"post-3102","1":"product","2":"type-product","3":"status-publish","4":"has-post-thumbnail","6":"product_cat-sprzedane","7":"product_tag-labradoryt","8":"product_tag-luna","9":"product_tag-lunula","10":"product_tag-naszyjnik-z-gwiazdka","11":"product_tag-naszyjnik-z-luna","12":"product_tag-warstwowy-naszyjnik-z-labradorytami","13":"product_tag-zloty-hematyt","14":"product_tag-lancuszek","16":"first","17":"outofstock","18":"shipping-taxable","19":"purchasable","20":"product-type-simple"},"jetpack_sharing_enabled":true,"_links":{"self":[{"href":"https:\/\/koraledetale.pl\/index.php?rest_route=\/wp\/v2\/product\/3102","targetHints":{"allow":["GET"]}}],"collection":[{"href":"https:\/\/koraledetale.pl\/index.php?rest_route=\/wp\/v2\/product"}],"about":[{"href":"https:\/\/koraledetale.pl\/index.php?rest_route=\/wp\/v2\/types\/product"}],"replies":[{"embeddable":true,"href":"https:\/\/koraledetale.pl\/index.php?rest_route=%2Fwp%2Fv2%2Fcomments&post=3102"}],"wp:featuredmedia":[{"embeddable":true,"href":"https:\/\/koraledetale.pl\/index.php?rest_route=\/wp\/v2\/media\/3104"}],"wp:attachment":[{"href":"https:\/\/koraledetale.pl\/index.php?rest_route=%2Fwp%2Fv2%2Fmedia&parent=3102"}],"wp:term":[{"taxonomy":"product_brand","embeddable":true,"href":"https:\/\/koraledetale.pl\/index.php?rest_route=%2Fwp%2Fv2%2Fproduct_brand&post=3102"},{"taxonomy":"product_cat","embeddable":true,"href":"https:\/\/koraledetale.pl\/index.php?rest_route=%2Fwp%2Fv2%2Fproduct_cat&post=3102"},{"taxonomy":"product_tag","embeddable":true,"href":"https:\/\/koraledetale.pl\/index.php?rest_route=%2Fwp%2Fv2%2Fproduct_tag&post=3102"}],"curies":[{"name":"wp","href":"https:\/\/api.w.org\/{rel}","templated":true}]}}