{"id":3083,"date":"2022-10-12T09:02:39","date_gmt":"2022-10-12T09:02:39","guid":{"rendered":"https:\/\/koraledetale.pl\/?post_type=product&#038;p=3083"},"modified":"2023-03-03T10:13:44","modified_gmt":"2023-03-03T10:13:44","slug":"bransoletka-iskra-z-hematytami","status":"publish","type":"product","link":"https:\/\/koraledetale.pl\/?product=bransoletka-iskra-z-hematytami","title":{"rendered":"Bransoletka ISKRA z hematytami"},"content":{"rendered":"<p>Wielko\u015b\u0107 hematyt\u00f3w &#8211; 2mm i 3&#215;2 (przy chwo\u015bciku).<\/p>\n<p>D\u0142ugo\u015b\u0107 bransoletki: 16-19 cm.<\/p>\n","protected":false},"excerpt":{"rendered":"<p>Bransoletka z drobnych, zielonych, fasetowanych hematyt\u00f3w, przeplatanych czerwonymi supe\u0142kami,\u00a0 z wplecion\u0105 okr\u0105g\u0142\u0105 blaszk\u0105 i czerwonym chwo\u015bcikiem.<\/p>\n<p>Wszystkie elementy metalowe wykonane s\u0105 ze stali chirurgicznej (szlachetnej).<\/p>\n","protected":false},"featured_media":3081,"comment_status":"open","ping_status":"closed","template":"","meta":{"advanced_seo_description":"","jetpack_seo_html_title":"","jetpack_seo_noindex":false},"product_brand":[],"product_cat":[229],"product_tag":[374,137,1103,742,1104],"class_list":{"0":"post-3083","1":"product","2":"type-product","3":"status-publish","4":"has-post-thumbnail","6":"product_cat-sprzedane","7":"product_tag-bransoletka-na-czerwonej-nitce","8":"product_tag-bransoletka-z-chwostem","9":"product_tag-bransoletka-z-zielonymi-hematytami","10":"product_tag-bransoletka-z-zielonymi-kamieniami","11":"product_tag-zielony-hematyt","13":"first","14":"outofstock","15":"shipping-taxable","16":"purchasable","17":"product-type-simple"},"jetpack_sharing_enabled":true,"_links":{"self":[{"href":"https:\/\/koraledetale.pl\/index.php?rest_route=\/wp\/v2\/product\/3083","targetHints":{"allow":["GET"]}}],"collection":[{"href":"https:\/\/koraledetale.pl\/index.php?rest_route=\/wp\/v2\/product"}],"about":[{"href":"https:\/\/koraledetale.pl\/index.php?rest_route=\/wp\/v2\/types\/product"}],"replies":[{"embeddable":true,"href":"https:\/\/koraledetale.pl\/index.php?rest_route=%2Fwp%2Fv2%2Fcomments&post=3083"}],"wp:featuredmedia":[{"embeddable":true,"href":"https:\/\/koraledetale.pl\/index.php?rest_route=\/wp\/v2\/media\/3081"}],"wp:attachment":[{"href":"https:\/\/koraledetale.pl\/index.php?rest_route=%2Fwp%2Fv2%2Fmedia&parent=3083"}],"wp:term":[{"taxonomy":"product_brand","embeddable":true,"href":"https:\/\/koraledetale.pl\/index.php?rest_route=%2Fwp%2Fv2%2Fproduct_brand&post=3083"},{"taxonomy":"product_cat","embeddable":true,"href":"https:\/\/koraledetale.pl\/index.php?rest_route=%2Fwp%2Fv2%2Fproduct_cat&post=3083"},{"taxonomy":"product_tag","embeddable":true,"href":"https:\/\/koraledetale.pl\/index.php?rest_route=%2Fwp%2Fv2%2Fproduct_tag&post=3083"}],"curies":[{"name":"wp","href":"https:\/\/api.w.org\/{rel}","templated":true}]}}