{"id":3082,"date":"2022-10-12T09:03:36","date_gmt":"2022-10-12T09:03:36","guid":{"rendered":"https:\/\/koraledetale.pl\/?post_type=product&#038;p=3082"},"modified":"2023-05-15T09:22:54","modified_gmt":"2023-05-15T09:22:54","slug":"pierscionek-iskra-z-hematytami-i-zawieszka","status":"publish","type":"product","link":"https:\/\/koraledetale.pl\/?product=pierscionek-iskra-z-hematytami-i-zawieszka","title":{"rendered":"Pier\u015bcionek ISKRA z hematytami i zawieszk\u0105"},"content":{"rendered":"<p>Wielko\u015b\u0107 hematyt\u00f3w &#8211; 2mm.<\/p>\n<p>D\u0142ugo\u015b\u0107 zawieszki &#8211; 17 mm.<\/p>\n<p>Rozmiar pier\u015bcionka 15-16. Mo\u017cesz zam\u00f3wi\u0107 pier\u015bcionek w innym rozmiarze \u2013 napisz w uwagach do zam\u00f3wienia jaki rozmiar Ci\u0119 interesuje.<\/p>\n","protected":false},"excerpt":{"rendered":"<p>Elastyczny pier\u015bcionek z drobnych, zielonych, fasetowanych hematyt\u00f3w, z okr\u0105g\u0142\u0105 blaszk\u0105 i czerwonym chwo\u015bcikiem.<\/p>\n<p>Wszystkie elementy metalowe wykonane s\u0105 ze stali chirurgicznej (szlachetnej).<\/p>\n","protected":false},"featured_media":3079,"comment_status":"open","ping_status":"closed","template":"","meta":{"advanced_seo_description":"","jetpack_seo_html_title":"","jetpack_seo_noindex":false},"product_brand":[],"product_cat":[229],"product_tag":[732,963,958,1105,73,1106,72,159],"class_list":{"0":"post-3082","1":"product","2":"type-product","3":"status-publish","4":"has-post-thumbnail","6":"product_cat-sprzedane","7":"product_tag-blaszka","8":"product_tag-chwoscik","9":"product_tag-pierscionek-z-chwoscikiem","10":"product_tag-pierscionek-z-hematytami-i-czerwona-nitka","11":"product_tag-pierscionek-z-zawieszka","12":"product_tag-pierscionek-z-zielonymi-kamieniami","13":"product_tag-zawieszka","14":"product_tag-zielone-hematyty","16":"first","17":"outofstock","18":"shipping-taxable","19":"purchasable","20":"product-type-simple"},"jetpack_sharing_enabled":true,"_links":{"self":[{"href":"https:\/\/koraledetale.pl\/index.php?rest_route=\/wp\/v2\/product\/3082","targetHints":{"allow":["GET"]}}],"collection":[{"href":"https:\/\/koraledetale.pl\/index.php?rest_route=\/wp\/v2\/product"}],"about":[{"href":"https:\/\/koraledetale.pl\/index.php?rest_route=\/wp\/v2\/types\/product"}],"replies":[{"embeddable":true,"href":"https:\/\/koraledetale.pl\/index.php?rest_route=%2Fwp%2Fv2%2Fcomments&post=3082"}],"wp:featuredmedia":[{"embeddable":true,"href":"https:\/\/koraledetale.pl\/index.php?rest_route=\/wp\/v2\/media\/3079"}],"wp:attachment":[{"href":"https:\/\/koraledetale.pl\/index.php?rest_route=%2Fwp%2Fv2%2Fmedia&parent=3082"}],"wp:term":[{"taxonomy":"product_brand","embeddable":true,"href":"https:\/\/koraledetale.pl\/index.php?rest_route=%2Fwp%2Fv2%2Fproduct_brand&post=3082"},{"taxonomy":"product_cat","embeddable":true,"href":"https:\/\/koraledetale.pl\/index.php?rest_route=%2Fwp%2Fv2%2Fproduct_cat&post=3082"},{"taxonomy":"product_tag","embeddable":true,"href":"https:\/\/koraledetale.pl\/index.php?rest_route=%2Fwp%2Fv2%2Fproduct_tag&post=3082"}],"curies":[{"name":"wp","href":"https:\/\/api.w.org\/{rel}","templated":true}]}}