{"id":3077,"date":"2022-10-11T10:44:43","date_gmt":"2022-10-11T10:44:43","guid":{"rendered":"https:\/\/koraledetale.pl\/?post_type=product&#038;p=3077"},"modified":"2023-12-08T10:08:12","modified_gmt":"2023-12-08T10:08:12","slug":"kolczyki-mus-owocowy-z-kwarcem-truskawkowym","status":"publish","type":"product","link":"https:\/\/koraledetale.pl\/?product=kolczyki-mus-owocowy-z-kwarcem-truskawkowym","title":{"rendered":"Kolczyki MUS OWOCOWY z kwarcem truskawkowym"},"content":{"rendered":"<p>Wielko\u015b\u0107 kamieni:<\/p>\n<ul>\n<li>kwarc truskawkowy \u2013 9\u00d76,5 mm,<\/li>\n<li>hematyt \u2013 4\u00d72 mm.<\/li>\n<\/ul>\n<p>D\u0142ugo\u015b\u0107 kolczyk\u00f3w \u2013 3,2 cm.<\/p>\n<p>\u015arednica wewn\u0119trzna k\u00f3\u0142ek \u2013 8mm.<\/p>\n<p>Wszystkie elementy metalowe wykonane s\u0105 z nieuczulaj\u0105cej stali szlachetnej.<\/p>\n","protected":false},"excerpt":{"rendered":"<p>Kolczyki &#8211; drobne k\u00f3\u0142ka z ozdobnym plecionym k\u00f3\u0142eczkiem i\u00a0 nieregularnym wa\u0142eczkiem kwarcu truskawkowego oraz z\u0142otymi hematytami.<\/p>\n<p>&nbsp;<\/p>\n","protected":false},"featured_media":3073,"comment_status":"open","ping_status":"closed","template":"","meta":{"advanced_seo_description":"","jetpack_seo_html_title":"","jetpack_seo_noindex":false},"product_brand":[],"product_cat":[229],"product_tag":[834,226,227,108,58,31],"class_list":{"0":"post-3077","1":"product","2":"type-product","3":"status-publish","4":"has-post-thumbnail","6":"product_cat-sprzedane","7":"product_tag-dlugie-kolczyki-ze-stali-chirurgicznej","8":"product_tag-kolczyki-kolka","9":"product_tag-kolczyki-z-kwarcem-truskawkowym","10":"product_tag-kolczyki-ze-stali-szlachetnej","11":"product_tag-kwarc-truskawkowy","12":"product_tag-zloty-hematyt","14":"first","15":"outofstock","16":"shipping-taxable","17":"purchasable","18":"product-type-simple"},"jetpack_sharing_enabled":true,"_links":{"self":[{"href":"https:\/\/koraledetale.pl\/index.php?rest_route=\/wp\/v2\/product\/3077","targetHints":{"allow":["GET"]}}],"collection":[{"href":"https:\/\/koraledetale.pl\/index.php?rest_route=\/wp\/v2\/product"}],"about":[{"href":"https:\/\/koraledetale.pl\/index.php?rest_route=\/wp\/v2\/types\/product"}],"replies":[{"embeddable":true,"href":"https:\/\/koraledetale.pl\/index.php?rest_route=%2Fwp%2Fv2%2Fcomments&post=3077"}],"wp:featuredmedia":[{"embeddable":true,"href":"https:\/\/koraledetale.pl\/index.php?rest_route=\/wp\/v2\/media\/3073"}],"wp:attachment":[{"href":"https:\/\/koraledetale.pl\/index.php?rest_route=%2Fwp%2Fv2%2Fmedia&parent=3077"}],"wp:term":[{"taxonomy":"product_brand","embeddable":true,"href":"https:\/\/koraledetale.pl\/index.php?rest_route=%2Fwp%2Fv2%2Fproduct_brand&post=3077"},{"taxonomy":"product_cat","embeddable":true,"href":"https:\/\/koraledetale.pl\/index.php?rest_route=%2Fwp%2Fv2%2Fproduct_cat&post=3077"},{"taxonomy":"product_tag","embeddable":true,"href":"https:\/\/koraledetale.pl\/index.php?rest_route=%2Fwp%2Fv2%2Fproduct_tag&post=3077"}],"curies":[{"name":"wp","href":"https:\/\/api.w.org\/{rel}","templated":true}]}}