{"id":3049,"date":"2022-10-05T14:41:25","date_gmt":"2022-10-05T14:41:25","guid":{"rendered":"https:\/\/koraledetale.pl\/?post_type=product&#038;p=3049"},"modified":"2023-05-22T09:27:48","modified_gmt":"2023-05-22T09:27:48","slug":"kolczyki-wietnamka-z-magnezytem","status":"publish","type":"product","link":"https:\/\/koraledetale.pl\/?product=kolczyki-wietnamka-z-magnezytem","title":{"rendered":"Kolczyki WIETNAMKA z magnezytem"},"content":{"rendered":"<p>Wielko\u015b\u0107 magnezyt\u00f3w &#8211; 16\u00d712&#215;6 mm.<\/p>\n<p>D\u0142ugo\u015b\u0107 kolczyk\u00f3w \u2013 5,2 cm.<\/p>\n","protected":false},"excerpt":{"rendered":"<p>D\u0142ugie kolczyki z filigranem \u2013 zdobion\u0105, czterolistn\u0105 koniczyn\u0105 i du\u017c\u0105 \u0142ezk\u0105 magnezytu.<\/p>\n<p>Wszystkie elementy metalowe wykonane s\u0105 z nieuczulaj\u0105cej stali chirurgicznej (szlachetnej).<\/p>\n","protected":false},"featured_media":3043,"comment_status":"open","ping_status":"closed","template":"","meta":{"advanced_seo_description":"","jetpack_seo_html_title":"","jetpack_seo_noindex":false},"product_brand":[],"product_cat":[229],"product_tag":[834,866,1094,1095,491],"class_list":{"0":"post-3049","1":"product","2":"type-product","3":"status-publish","4":"has-post-thumbnail","6":"product_cat-sprzedane","7":"product_tag-dlugie-kolczyki-ze-stali-chirurgicznej","8":"product_tag-dlugie-kolczyki-ze-stali-szlachetnej","9":"product_tag-kolczyki-z-magnezytem","10":"product_tag-kolczyki-z-turkusowym-kamieniem","11":"product_tag-magnezyt","13":"first","14":"outofstock","15":"shipping-taxable","16":"purchasable","17":"product-type-simple"},"jetpack_sharing_enabled":true,"_links":{"self":[{"href":"https:\/\/koraledetale.pl\/index.php?rest_route=\/wp\/v2\/product\/3049","targetHints":{"allow":["GET"]}}],"collection":[{"href":"https:\/\/koraledetale.pl\/index.php?rest_route=\/wp\/v2\/product"}],"about":[{"href":"https:\/\/koraledetale.pl\/index.php?rest_route=\/wp\/v2\/types\/product"}],"replies":[{"embeddable":true,"href":"https:\/\/koraledetale.pl\/index.php?rest_route=%2Fwp%2Fv2%2Fcomments&post=3049"}],"wp:featuredmedia":[{"embeddable":true,"href":"https:\/\/koraledetale.pl\/index.php?rest_route=\/wp\/v2\/media\/3043"}],"wp:attachment":[{"href":"https:\/\/koraledetale.pl\/index.php?rest_route=%2Fwp%2Fv2%2Fmedia&parent=3049"}],"wp:term":[{"taxonomy":"product_brand","embeddable":true,"href":"https:\/\/koraledetale.pl\/index.php?rest_route=%2Fwp%2Fv2%2Fproduct_brand&post=3049"},{"taxonomy":"product_cat","embeddable":true,"href":"https:\/\/koraledetale.pl\/index.php?rest_route=%2Fwp%2Fv2%2Fproduct_cat&post=3049"},{"taxonomy":"product_tag","embeddable":true,"href":"https:\/\/koraledetale.pl\/index.php?rest_route=%2Fwp%2Fv2%2Fproduct_tag&post=3049"}],"curies":[{"name":"wp","href":"https:\/\/api.w.org\/{rel}","templated":true}]}}