{"id":3009,"date":"2022-09-29T09:25:49","date_gmt":"2022-09-29T09:25:49","guid":{"rendered":"https:\/\/koraledetale.pl\/?post_type=product&#038;p=3009"},"modified":"2023-07-16T09:21:33","modified_gmt":"2023-07-16T09:21:33","slug":"kolczyki-zielonooka-z-peridotem","status":"publish","type":"product","link":"https:\/\/koraledetale.pl\/?product=kolczyki-zielonooka-z-peridotem","title":{"rendered":"Kolczyki ZIELONOOKA z peridotem"},"content":{"rendered":"<p>Wielko\u015b\u0107 peridotu &#8211; 6&#215;4 mm.<\/p>\n<p>D\u0142ugo\u015b\u0107 kolczyk\u00f3w &#8211; 4,7 cm.<\/p>\n","protected":false},"excerpt":{"rendered":"<p>Kolczyki z hams\u0105 \/ r\u0119k\u0105 Fatimy i kropl\u0105 peridotu, zawieszonymi na otwartych biglach.<\/p>\n<p>Wszystkie elementy metalowe wykonane s\u0105 z nieuczulaj\u0105cej stali chirurgicznej (szlachetnej).<\/p>\n","protected":false},"featured_media":3003,"comment_status":"open","ping_status":"closed","template":"","meta":{"advanced_seo_description":"","jetpack_seo_html_title":"","jetpack_seo_noindex":false},"product_brand":[],"product_cat":[229],"product_tag":[33,1078,1079,107,108,500,1080],"class_list":{"0":"post-3009","1":"product","2":"type-product","3":"status-publish","4":"has-post-thumbnail","6":"product_cat-sprzedane","7":"product_tag-hamsa","8":"product_tag-kolczyki-z-hamsa-i-peridotem","9":"product_tag-kolczyki-z-reka-fatimy","10":"product_tag-kolczyki-ze-stali-chirurgicznej","11":"product_tag-kolczyki-ze-stali-szlachetnej","12":"product_tag-peridot","13":"product_tag-reka-fatimy","15":"first","16":"outofstock","17":"shipping-taxable","18":"purchasable","19":"product-type-simple"},"jetpack_sharing_enabled":true,"_links":{"self":[{"href":"https:\/\/koraledetale.pl\/index.php?rest_route=\/wp\/v2\/product\/3009","targetHints":{"allow":["GET"]}}],"collection":[{"href":"https:\/\/koraledetale.pl\/index.php?rest_route=\/wp\/v2\/product"}],"about":[{"href":"https:\/\/koraledetale.pl\/index.php?rest_route=\/wp\/v2\/types\/product"}],"replies":[{"embeddable":true,"href":"https:\/\/koraledetale.pl\/index.php?rest_route=%2Fwp%2Fv2%2Fcomments&post=3009"}],"wp:featuredmedia":[{"embeddable":true,"href":"https:\/\/koraledetale.pl\/index.php?rest_route=\/wp\/v2\/media\/3003"}],"wp:attachment":[{"href":"https:\/\/koraledetale.pl\/index.php?rest_route=%2Fwp%2Fv2%2Fmedia&parent=3009"}],"wp:term":[{"taxonomy":"product_brand","embeddable":true,"href":"https:\/\/koraledetale.pl\/index.php?rest_route=%2Fwp%2Fv2%2Fproduct_brand&post=3009"},{"taxonomy":"product_cat","embeddable":true,"href":"https:\/\/koraledetale.pl\/index.php?rest_route=%2Fwp%2Fv2%2Fproduct_cat&post=3009"},{"taxonomy":"product_tag","embeddable":true,"href":"https:\/\/koraledetale.pl\/index.php?rest_route=%2Fwp%2Fv2%2Fproduct_tag&post=3009"}],"curies":[{"name":"wp","href":"https:\/\/api.w.org\/{rel}","templated":true}]}}